{"id":62,"date":"2022-05-04T10:47:36","date_gmt":"2022-05-04T10:47:36","guid":{"rendered":"https:\/\/energeticthemes.com\/realome\/?page_id=62"},"modified":"2025-04-02T21:14:33","modified_gmt":"2025-04-02T21:14:33","slug":"listings","status":"publish","type":"page","link":"https:\/\/www.paradiselivinghomes.com\/es\/listings\/","title":{"rendered":"Listing Directory"},"content":{"rendered":"<div class=\"wp-block-group alignwide is-layout-flow wp-block-group-is-layout-flow\" style=\"padding-top:64px\">\n<h1 class=\"wp-block-heading\" style=\"margin-bottom:16px\">Listado de Propiedades Inmobiliarias<\/h1>\n\n\n\n<div class=\"wp-block-columns is-layout-flex wp-container-core-columns-is-layout-fb1723fd wp-block-columns-is-layout-flex\" style=\"margin-top:12px;margin-bottom:12px\">\n<div class=\"wp-block-column is-vertically-aligned-center is-layout-flow wp-block-column-is-layout-flow\" style=\"flex-basis:100%\">\n<p class=\"has-foreground-color has-text-color has-link-color wp-elements-d26db9fe72573543b3133e53aebbc763\">Ya sea que est\u00e9 buscando comprar, vender, alquilar una propiedad, o requiera asesor\u00eda legal y financiera, ofrecemos una amplia gama de servicios adaptados a sus necesidades inmobiliarias \u00fanicas. Nuestro equipo experimentado est\u00e1 comprometido a guiarle en cada paso del proceso, ofreciendo asesor\u00eda experta, soluciones personalizadas y apoyo continuo para una experiencia fluida y exitosa. Desde el an\u00e1lisis del mercado y la valoraci\u00f3n de propiedades hasta la negociaci\u00f3n y el cierre, entregamos un servicio excepcional y resultados que superan sus expectativas.<\/p>\n<\/div>\n<\/div>\n<\/div>\n\n\n<div style=\"margin-top:64px;\" class=\"alignwide wp-block-realome-theme-extension-listings\" data-listings=\"{&quot;perPage&quot;:100,&quot;align&quot;:&quot;wide&quot;,&quot;style&quot;:{&quot;spacing&quot;:{&quot;margin&quot;:{&quot;top&quot;:&quot;64px&quot;}}},&quot;columns&quot;:3,&quot;locationIds&quot;:[],&quot;propertyTypesIds&quot;:[],&quot;order&quot;:&quot;desc&quot;,&quot;orderBy&quot;:&quot;date&quot;,&quot;displayFilter&quot;:true,&quot;displayMap&quot;:true,&quot;mapHeight&quot;:550,&quot;displayListingList&quot;:true,&quot;enablePagination&quot;:true,&quot;paginationType&quot;:&quot;infiniteScroll&quot;,&quot;hasApiKey&quot;:false,&quot;height&quot;:400,&quot;mapSkin&quot;:&quot;standard&quot;,&quot;zoom&quot;:12,&quot;iconSize&quot;:60,&quot;mapTypeControl&quot;:true,&quot;zoomControl&quot;:true,&quot;streetViewControl&quot;:true,&quot;fullscreenControl&quot;:true,&quot;controls&quot;:true,&quot;TrpContentRestriction&quot;:{&quot;restriction_type&quot;:&quot;exclude&quot;,&quot;selected_languages&quot;:[],&quot;panel_open&quot;:true}}\"><div id=\"listings-searchbar\" class=\"listings-searchbar\"><div class=\"location-choices\"><select  name='cat' id='location-selector' class='location-selector listing-filter-input listing-filter-js-choice' multiple data-selected=\"[]\">\n\t<option value=''>Ubicaciones<\/option>\n\t<option class=\"level-0\" value=\"154\">Corregidora, Quer\u00e9taro<\/option>\n\t<option class=\"level-0\" value=\"137\">Cozumel, Quintana Roo<\/option>\n\t<option class=\"level-0\" value=\"141\">Playa del Carmen, Quintana Roo<\/option>\n\t<option class=\"level-0\" value=\"136\">Tulum, Quintana Roo<\/option>\n<\/select>\n<\/div> <div class=\"price-range-container\">\n\t\t\t\t<button class=\"outline\" id=\"dropdown-price-range-button\" data-dropdown-toggle=\"dropdown-price-range\" data-dropdown-inside-click-close=\"false\" type=\"button\">\n\t\t\t\t\tPrecio\n\t\t\t\t<\/button>\n\t\t\t\t<div id=\"dropdown-price-range\" class=\"dropdown-panel hidden\" aria-labelledby=\"dropdown-price-range-button\">\n\t\t\t\t\t<div class=\"dropdown-panel-title\">\n\t\t\t\t\tPrice Range\n\t\t\t\t\t<\/div>\n\t\t\t\t\t<div id=\"range-slider\" class=\"range-slider\" data-start-min=\"0\" data-start-max=\"20000000\" data-min=\"0\" data-max=\"20000000\"  data-step=\"50\">\n\t\t\t\t\t\t<div class=\"range-slider-ui\"><\/div>\n\t\t\t\t\t\t<div class=\"range-slider-inputs\">\n\t\t\t\t\t\t\t<input class=\"listing-filter-input range-slider-value-min price-min price-input w-36 grow\" value=\"\" type=\"number\" placeholder=\"Min Price\">\n\t\t\t\t\t\t\t<div class=\"range-slider-inputs-divider\">&#8211;<\/div>\n\t\t\t\t\t\t\t<input class=\"listing-filter-input range-slider-value-max price-max price-input w-36 grow\" value=\"\" type=\"number\" placeholder=\"Max Price\">\n\t\t\t\t\t\t<\/div>\n\t\t\t\t\t<\/div>\n\t\t\t\t<\/div>\n\t\t\t<\/div> <div class=\"beds-baths-container\">\n\t\t\t\t<button class=\"outline\" id=\"dropdown-beds-baths-button\" data-dropdown-toggle=\"dropdown-beds-baths\" data-dropdown-inside-click-close=\"false\" type=\"button\">\n\t\t\t\t\tRec\u00e1maras y Ba\u00f1os\n\t\t\t\t<\/button>\n\t\t\t\t<div id=\"dropdown-beds-baths\" class=\"dropdown-panel hidden\" aria-labelledby=\"dropdown-beds-baths-button\">\n\t\t\t\t\t<div class=\"dropdown-panel-title\">Rec\u00e1maras<\/div>\n\t\t\t\t\t<div class=\"flex beds-selector-container radio-btn-group\" role=\"group\" aria-label=\"Choose number of bedrooms\">\n\t\t\t\t\t\t\t<input class=\"btn-check listing-filter-input\" type=\"radio\" id=\"any-bedrooms\" name=\"bedrooms\" value=\"\">\n\t\t\t\t\t\t\t<label class=\"btn\" for=\"any-bedrooms\">Any<\/label>\n\t\t\t\t\t\t\t<input class=\"btn-check listing-filter-input\" type=\"radio\" id=\"bedrooms-1\" name=\"bedrooms\" value=\"1\">\n\t\t\t\t\t\t\t<label class=\"btn\" for=\"bedrooms-1\">1+<\/label>\n\t\t\t\t\t\t\t<input class=\"btn-check listing-filter-input\" type=\"radio\" id=\"bedrooms-2\" name=\"bedrooms\" value=\"2\">\n\t\t\t\t\t\t\t<label class=\"btn\" for=\"bedrooms-2\">2+<\/label>\n\t\t\t\t\t\t\t<input class=\"btn-check listing-filter-input\" type=\"radio\" id=\"bedrooms-3\" name=\"bedrooms\" value=\"3\">\n\t\t\t\t\t\t\t<label class=\"btn\" for=\"bedrooms-3\">3+<\/label>\n\t\t\t\t\t\t\t<input class=\"btn-check listing-filter-input\" type=\"radio\" id=\"bedrooms-4\" name=\"bedrooms\" value=\"4\">\n\t\t\t\t\t\t\t<label class=\"btn\" for=\"bedrooms-4\">4+<\/label>\n\t\t\t\t\t\t\t<input class=\"btn-check listing-filter-input\" type=\"radio\" id=\"bedrooms-5\" name=\"bedrooms\" value=\"5\">\n\t\t\t\t\t\t\t<label class=\"btn\" for=\"bedrooms-5\">5+<\/label>\n\t\t\t\t\t<\/div>\n\t\t\t\t\t<div class=\"dropdown-panel-title\">Ba\u00f1os<\/div>\n\t\t\t\t\t<div class=\"flex beds-selector-container radio-btn-group\" role=\"group\" aria-label=\"Ba\u00f1os\">\n\t\t\t\t\t\t\t<input class=\"btn-check\" type=\"radio\" id=\"any-bathrooms\" name=\"bathrooms\" value=\"\">\n\t\t\t\t\t\t\t<label class=\"btn\" for=\"any-bathrooms\">Any<\/label>\n\t\t\t\t\t\t\t<input class=\"btn-check\" type=\"radio\" id=\"bathrooms-1\" name=\"bathrooms\" value=\"1\">\n\t\t\t\t\t\t\t<label class=\"btn\" for=\"bathrooms-1\">1+<\/label>\n\t\t\t\t\t\t\t<input class=\"btn-check\" type=\"radio\" id=\"bathrooms-2\" name=\"bathrooms\" value=\"2\">\n\t\t\t\t\t\t\t<label class=\"btn\" for=\"bathrooms-2\">2+<\/label>\n\t\t\t\t\t\t\t<input class=\"btn-check\" type=\"radio\" id=\"bathrooms-3\" name=\"bathrooms\" value=\"3\">\n\t\t\t\t\t\t\t<label class=\"btn\" for=\"bathrooms-3\">3+<\/label>\n\t\t\t\t\t\t\t<input class=\"btn-check\" type=\"radio\" id=\"bathrooms-4\" name=\"bathrooms\" value=\"4\">\n\t\t\t\t\t\t\t<label class=\"btn\" for=\"bathrooms-4\">4+<\/label>\n\t\t\t\t\t\t\t<input class=\"btn-check\" type=\"radio\" id=\"bathrooms-5\" name=\"bathrooms\" value=\"5\">\n\t\t\t\t\t\t\t<label class=\"btn\" for=\"bathrooms-5\">5+<\/label>\n\t\t\t\t\t<\/div>\n\t\t\t\t<\/div>\n\t\t\t<\/div> <div class=\"property-types-selector-container\"><select  name='cat' id='property-types-selector' class='property-types-selector listing-filter-input listing-filter-js-choice' multiple data-selected=\"[]\">\n\t<option value=''>Tipo de Propiedad<\/option>\n\t<option class=\"level-0\" value=\"27\">Apartamentos<\/option>\n\t<option class=\"level-0\" value=\"87\">Negocio<\/option>\n\t<option class=\"level-0\" value=\"32\">Comercial<\/option>\n\t<option class=\"level-0\" value=\"34\">Condominios<\/option>\n\t<option class=\"level-0\" value=\"46\">Residencial<\/option>\n\t<option class=\"level-0\" value=\"155\">Oportunidad de Inversi\u00f3n<\/option>\n\t<option class=\"level-0\" value=\"142\">Restaurante<\/option>\n<\/select>\n<\/div> <div class=\"amenities-selector-container\"><select  name='cat' id='amenities-selector' class='amenities-selector listing-filter-input listing-filter-js-choice' multiple>\n\t<option value=''>Amenidades<\/option>\n\t<option class=\"level-0\" value=\"98\">Cancha de Pickleball<\/option>\n\t<option class=\"level-0\" value=\"123\">2 Dormitorios Principales<\/option>\n\t<option class=\"level-0\" value=\"99\">2 Canchas de P\u00e1del<\/option>\n\t<option class=\"level-0\" value=\"124\">2 Vestidores<\/option>\n\t<option class=\"level-0\" value=\"153\">2.5 Ba\u00f1os con Vestidores<\/option>\n\t<option class=\"level-0\" value=\"131\">3 Dormitorios Principales<\/option>\n\t<option class=\"level-0\" value=\"86\">Aire Acondicionado<\/option>\n\t<option class=\"level-0\" value=\"135\">Edificaci\u00f3n de Departamentos<\/option>\n\t<option class=\"level-0\" value=\"91\">\u00c1rea de jard\u00edn<\/option>\n\t<option class=\"level-0\" value=\"106\">Balc\u00f3n<\/option>\n\t<option class=\"level-0\" value=\"89\">\u00c1rea de Barra<\/option>\n\t<option class=\"level-0\" value=\"120\">Barra de Desayuno<\/option>\n\t<option class=\"level-0\" value=\"118\">Televisi\u00f3n de Cable<\/option>\n\t<option class=\"level-0\" value=\"127\">Bodega<\/option>\n\t<option class=\"level-0\" value=\"119\">\u00c1rea Infantil<\/option>\n\t<option class=\"level-0\" value=\"105\">Cisterna<\/option>\n\t<option class=\"level-0\" value=\"113\">Circuito Cerrado<\/option>\n\t<option class=\"level-0\" value=\"81\">\u00c1rea de Trabajo Compartido<\/option>\n\t<option class=\"level-0\" value=\"149\">\u00c1rea Comercial dentro del Desarrollo<\/option>\n\t<option class=\"level-0\" value=\"130\">\u00c1rea Comunal con Zona de Parrilla<\/option>\n\t<option class=\"level-0\" value=\"151\">Completamente Amueblado<\/option>\n\t<option class=\"level-0\" value=\"144\">Concierge Service<\/option>\n\t<option class=\"level-0\" value=\"74\">Acceso Controlado<\/option>\n\t<option class=\"level-0\" value=\"152\">Balc\u00f3n techado con vista a la alberca<\/option>\n\t<option class=\"level-0\" value=\"36\">Estacionamiento Cubierto<\/option>\n\t<option class=\"level-0\" value=\"101\">Comedor<\/option>\n\t<option class=\"level-0\" value=\"117\">Acceso para Personas con Discapacidad<\/option>\n\t<option class=\"level-0\" value=\"78\">Recepci\u00f3n<\/option>\n\t<option class=\"level-0\" value=\"100\">Totalmente Equipado<\/option>\n\t<option class=\"level-0\" value=\"94\">Cocina Funcional y Equipada<\/option>\n\t<option class=\"level-0\" value=\"114\">Jard\u00edn<\/option>\n\t<option class=\"level-0\" value=\"97\">Carritos de Golf<\/option>\n\t<option class=\"level-0\" value=\"96\">Campo de Golf<\/option>\n\t<option class=\"level-0\" value=\"134\">Gran Oportunidad de Inversi\u00f3n<\/option>\n\t<option class=\"level-0\" value=\"80\">\u00c1reas Verdes<\/option>\n\t<option class=\"level-0\" value=\"115\">Caseta de Vigilancia<\/option>\n\t<option class=\"level-0\" value=\"79\">Gimnasio<\/option>\n\t<option class=\"level-0\" value=\"150\">Alberca Infinita con vista al mar<\/option>\n\t<option class=\"level-0\" value=\"90\">Cocina<\/option>\n\t<option class=\"level-0\" value=\"111\">Lavander\u00eda<\/option>\n\t<option class=\"level-0\" value=\"77\">Lavander\u00eda<\/option>\n\t<option class=\"level-0\" value=\"103\">Sala de Estar<\/option>\n\t<option class=\"level-0\" value=\"129\">Lobby<\/option>\n\t<option class=\"level-0\" value=\"104\">Limpieza Dom\u00e9stica Incluida<\/option>\n\t<option class=\"level-0\" value=\"121\">Despensa<\/option>\n\t<option class=\"level-0\" value=\"92\">Estacionamiento<\/option>\n\t<option class=\"level-0\" value=\"109\">Pet Friendly<\/option>\n\t<option class=\"level-0\" value=\"143\">Comunidad Planificada<\/option>\n\t<option class=\"level-0\" value=\"95\">Parque Infantil<\/option>\n\t<option class=\"level-0\" value=\"75\">Alberca<\/option>\n\t<option class=\"level-0\" value=\"132\">Potencial para Renovaci\u00f3n o Desarrollo<\/option>\n\t<option class=\"level-0\" value=\"133\">Ubicaci\u00f3n Ventajosa<\/option>\n\t<option class=\"level-0\" value=\"93\">\u00c1rea Privada<\/option>\n\t<option class=\"level-0\" value=\"148\">Azotea con Bar<\/option>\n\t<option class=\"level-0\" value=\"112\">Seguridad<\/option>\n\t<option class=\"level-0\" value=\"73\">Seguridad 24\/7<\/option>\n\t<option class=\"level-0\" value=\"102\">Terraza Peque\u00f1a<\/option>\n\t<option class=\"level-0\" value=\"125\">Soleadero<\/option>\n\t<option class=\"level-0\" value=\"108\">Cuarto de Almacenamiento<\/option>\n\t<option class=\"level-0\" value=\"107\">Estudio<\/option>\n\t<option class=\"level-0\" value=\"116\">Cancha de Tenis<\/option>\n\t<option class=\"level-0\" value=\"122\">Terraza<\/option>\n\t<option class=\"level-0\" value=\"147\">Estacionamiento Subterr\u00e1neo<\/option>\n\t<option class=\"level-0\" value=\"110\">Sin Amueblar<\/option>\n\t<option class=\"level-0\" value=\"146\">Piscina \u00danica estilo Riad<\/option>\n\t<option class=\"level-0\" value=\"145\">Centro de Bienestar<\/option>\n\t<option class=\"level-0\" value=\"76\">Wi-Fi<\/option>\n\t<option class=\"level-0\" value=\"66\">Bodega de Vinos<\/option>\n<\/select>\n<\/div> <button class=\"reset-listing-filter\" type=\"button\">\n\t\t\t\t<span class=\"material-icons-outlined\"> restart_alt <\/span>\n\t\t\t\t<span class=\"hidden\">Reset Filters<\/span> \n\t\t\t<\/button><\/div><div class=\"listings-map-container\" style=\"height:550px;\"><\/div><div class=\"listings-container lg:grid-cols-3\"><\/div><div class=\"listing-loader spinner-loader visible\" role=\"status\">\n\t\t\t\t<svg class=\"animate-spin\" xmlns=\"http:\/\/www.w3.org\/2000\/svg\" fill=\"none\" viewbox=\"0 0 24 24\">\n    \t    \t\t<circle cx=\"12\" cy=\"12\" r=\"10\" stroke=\"currentColor\" stroke-width=\"4\"><\/circle>\n    \t    \t\t<path fill=\"currentColor\" d=\"M4 12a8 8 0 018-8V0C5.373 0 0 5.373 0 12h4zm2 5.291A7.962 7.962 0 014 12H0c0 3.042 1.135 5.824 3 7.938l3-2.647z\"><\/path>\n    \t  \t\t<\/svg>\n\t\t\t<\/div><\/div>\n\n\n<p><\/p>","protected":false},"excerpt":{"rendered":"<p>Real Estate Listings Whether you&#8217;re looking to buy, sell, rent a property, or require legal and financial consulting, we offer a comprehensive range of services tailored to meet your unique real estate needs. Our experienced team is committed to guiding you through every step of the process, offering expert advice, personalized solutions, and seamless support [&hellip;]<\/p>\n","protected":false},"author":2,"featured_media":4072,"parent":0,"menu_order":0,"comment_status":"closed","ping_status":"closed","template":"template-no-title","meta":{"_acf_changed":false,"_monsterinsights_skip_tracking":false,"_monsterinsights_sitenote_active":false,"_monsterinsights_sitenote_note":"","_monsterinsights_sitenote_category":0,"footnotes":""},"class_list":["post-62","page","type-page","status-publish","has-post-thumbnail","hentry"],"acf":[],"aioseo_notices":[],"yoast_head":"<!-- This site is optimized with the Yoast SEO plugin v27.3 - https:\/\/yoast.com\/product\/yoast-seo-wordpress\/ -->\n<title>Listing Directory - Paradise Living Real Estate<\/title>\n<meta name=\"robots\" content=\"index, follow, max-snippet:-1, max-image-preview:large, max-video-preview:-1\" \/>\n<link rel=\"canonical\" href=\"https:\/\/www.paradiselivinghomes.com\/es\/listings\/\" \/>\n<meta property=\"og:locale\" content=\"es_MX\" \/>\n<meta property=\"og:type\" content=\"article\" \/>\n<meta property=\"og:title\" content=\"Listing Directory - Paradise Living Real Estate\" \/>\n<meta property=\"og:description\" content=\"Real Estate Listings Whether you&#8217;re looking to buy, sell, rent a property, or require legal and financial consulting, we offer a comprehensive range of services tailored to meet your unique real estate needs. Our experienced team is committed to guiding you through every step of the process, offering expert advice, personalized solutions, and seamless support [&hellip;]\" \/>\n<meta property=\"og:url\" content=\"https:\/\/www.paradiselivinghomes.com\/es\/listings\/\" \/>\n<meta property=\"og:site_name\" content=\"Paradise Living Real Estate\" \/>\n<meta property=\"article:modified_time\" content=\"2025-04-02T21:14:33+00:00\" \/>\n<meta property=\"og:image\" content=\"https:\/\/www.paradiselivinghomes.com\/wp-content\/uploads\/2022\/04\/bannon-morrissy-5DhHxS4KhzQ-unsplash.jpg\" \/>\n\t<meta property=\"og:image:width\" content=\"1920\" \/>\n\t<meta property=\"og:image:height\" content=\"1536\" \/>\n\t<meta property=\"og:image:type\" content=\"image\/jpeg\" \/>\n<meta name=\"twitter:card\" content=\"summary_large_image\" \/>\n<script type=\"application\/ld+json\" class=\"yoast-schema-graph\">{\"@context\":\"https:\\\/\\\/schema.org\",\"@graph\":[{\"@type\":\"WebPage\",\"@id\":\"https:\\\/\\\/www.paradiselivinghomes.com\\\/listings\\\/\",\"url\":\"https:\\\/\\\/www.paradiselivinghomes.com\\\/listings\\\/\",\"name\":\"Listing Directory - Paradise Living Real Estate\",\"isPartOf\":{\"@id\":\"https:\\\/\\\/www.paradiselivinghomes.com\\\/es\\\/#website\"},\"primaryImageOfPage\":{\"@id\":\"https:\\\/\\\/www.paradiselivinghomes.com\\\/listings\\\/#primaryimage\"},\"image\":{\"@id\":\"https:\\\/\\\/www.paradiselivinghomes.com\\\/listings\\\/#primaryimage\"},\"thumbnailUrl\":\"https:\\\/\\\/www.paradiselivinghomes.com\\\/wp-content\\\/uploads\\\/2022\\\/04\\\/bannon-morrissy-5DhHxS4KhzQ-unsplash.jpg\",\"datePublished\":\"2022-05-04T10:47:36+00:00\",\"dateModified\":\"2025-04-02T21:14:33+00:00\",\"breadcrumb\":{\"@id\":\"https:\\\/\\\/www.paradiselivinghomes.com\\\/listings\\\/#breadcrumb\"},\"inLanguage\":\"es\",\"potentialAction\":[{\"@type\":\"ReadAction\",\"target\":[\"https:\\\/\\\/www.paradiselivinghomes.com\\\/listings\\\/\"]}]},{\"@type\":\"ImageObject\",\"inLanguage\":\"es\",\"@id\":\"https:\\\/\\\/www.paradiselivinghomes.com\\\/listings\\\/#primaryimage\",\"url\":\"https:\\\/\\\/www.paradiselivinghomes.com\\\/wp-content\\\/uploads\\\/2022\\\/04\\\/bannon-morrissy-5DhHxS4KhzQ-unsplash.jpg\",\"contentUrl\":\"https:\\\/\\\/www.paradiselivinghomes.com\\\/wp-content\\\/uploads\\\/2022\\\/04\\\/bannon-morrissy-5DhHxS4KhzQ-unsplash.jpg\",\"width\":1920,\"height\":1536},{\"@type\":\"BreadcrumbList\",\"@id\":\"https:\\\/\\\/www.paradiselivinghomes.com\\\/listings\\\/#breadcrumb\",\"itemListElement\":[{\"@type\":\"ListItem\",\"position\":1,\"name\":\"Home\",\"item\":\"https:\\\/\\\/www.paradiselivinghomes.com\\\/\"},{\"@type\":\"ListItem\",\"position\":2,\"name\":\"Listing Directory\"}]},{\"@type\":\"WebSite\",\"@id\":\"https:\\\/\\\/www.paradiselivinghomes.com\\\/es\\\/#website\",\"url\":\"https:\\\/\\\/www.paradiselivinghomes.com\\\/es\\\/\",\"name\":\"Paradise Living Real Estate\",\"description\":\"\",\"publisher\":{\"@id\":\"https:\\\/\\\/www.paradiselivinghomes.com\\\/es\\\/#organization\"},\"potentialAction\":[{\"@type\":\"SearchAction\",\"target\":{\"@type\":\"EntryPoint\",\"urlTemplate\":\"https:\\\/\\\/www.paradiselivinghomes.com\\\/es\\\/?s={search_term_string}\"},\"query-input\":{\"@type\":\"PropertyValueSpecification\",\"valueRequired\":true,\"valueName\":\"search_term_string\"}}],\"inLanguage\":\"es\"},{\"@type\":\"Organization\",\"@id\":\"https:\\\/\\\/www.paradiselivinghomes.com\\\/es\\\/#organization\",\"name\":\"Paradise Living Real Estate\",\"url\":\"https:\\\/\\\/www.paradiselivinghomes.com\\\/es\\\/\",\"logo\":{\"@type\":\"ImageObject\",\"inLanguage\":\"es\",\"@id\":\"https:\\\/\\\/www.paradiselivinghomes.com\\\/es\\\/#\\\/schema\\\/logo\\\/image\\\/\",\"url\":\"https:\\\/\\\/www.paradiselivinghomes.com\\\/wp-content\\\/uploads\\\/2022\\\/05\\\/Paradise-Living-QrooLogo-09.png\",\"contentUrl\":\"https:\\\/\\\/www.paradiselivinghomes.com\\\/wp-content\\\/uploads\\\/2022\\\/05\\\/Paradise-Living-QrooLogo-09.png\",\"width\":2560,\"height\":642,\"caption\":\"Paradise Living Real Estate\"},\"image\":{\"@id\":\"https:\\\/\\\/www.paradiselivinghomes.com\\\/es\\\/#\\\/schema\\\/logo\\\/image\\\/\"}}]}<\/script>\n<!-- \/ Yoast SEO plugin. -->","yoast_head_json":{"title":"Listing Directory - Paradise Living Real Estate","robots":{"index":"index","follow":"follow","max-snippet":"max-snippet:-1","max-image-preview":"max-image-preview:large","max-video-preview":"max-video-preview:-1"},"canonical":"https:\/\/www.paradiselivinghomes.com\/es\/listings\/","og_locale":"es_MX","og_type":"article","og_title":"Listing Directory - Paradise Living Real Estate","og_description":"Real Estate Listings Whether you&#8217;re looking to buy, sell, rent a property, or require legal and financial consulting, we offer a comprehensive range of services tailored to meet your unique real estate needs. Our experienced team is committed to guiding you through every step of the process, offering expert advice, personalized solutions, and seamless support [&hellip;]","og_url":"https:\/\/www.paradiselivinghomes.com\/es\/listings\/","og_site_name":"Paradise Living Real Estate","article_modified_time":"2025-04-02T21:14:33+00:00","og_image":[{"width":1920,"height":1536,"url":"https:\/\/www.paradiselivinghomes.com\/wp-content\/uploads\/2022\/04\/bannon-morrissy-5DhHxS4KhzQ-unsplash.jpg","type":"image\/jpeg"}],"twitter_card":"summary_large_image","schema":{"@context":"https:\/\/schema.org","@graph":[{"@type":"WebPage","@id":"https:\/\/www.paradiselivinghomes.com\/listings\/","url":"https:\/\/www.paradiselivinghomes.com\/listings\/","name":"Listing Directory - Paradise Living Real Estate","isPartOf":{"@id":"https:\/\/www.paradiselivinghomes.com\/es\/#website"},"primaryImageOfPage":{"@id":"https:\/\/www.paradiselivinghomes.com\/listings\/#primaryimage"},"image":{"@id":"https:\/\/www.paradiselivinghomes.com\/listings\/#primaryimage"},"thumbnailUrl":"https:\/\/www.paradiselivinghomes.com\/wp-content\/uploads\/2022\/04\/bannon-morrissy-5DhHxS4KhzQ-unsplash.jpg","datePublished":"2022-05-04T10:47:36+00:00","dateModified":"2025-04-02T21:14:33+00:00","breadcrumb":{"@id":"https:\/\/www.paradiselivinghomes.com\/listings\/#breadcrumb"},"inLanguage":"es","potentialAction":[{"@type":"ReadAction","target":["https:\/\/www.paradiselivinghomes.com\/listings\/"]}]},{"@type":"ImageObject","inLanguage":"es","@id":"https:\/\/www.paradiselivinghomes.com\/listings\/#primaryimage","url":"https:\/\/www.paradiselivinghomes.com\/wp-content\/uploads\/2022\/04\/bannon-morrissy-5DhHxS4KhzQ-unsplash.jpg","contentUrl":"https:\/\/www.paradiselivinghomes.com\/wp-content\/uploads\/2022\/04\/bannon-morrissy-5DhHxS4KhzQ-unsplash.jpg","width":1920,"height":1536},{"@type":"BreadcrumbList","@id":"https:\/\/www.paradiselivinghomes.com\/listings\/#breadcrumb","itemListElement":[{"@type":"ListItem","position":1,"name":"Home","item":"https:\/\/www.paradiselivinghomes.com\/"},{"@type":"ListItem","position":2,"name":"Listing Directory"}]},{"@type":"WebSite","@id":"https:\/\/www.paradiselivinghomes.com\/es\/#website","url":"https:\/\/www.paradiselivinghomes.com\/es\/","name":"Paradise Living Real Estate","description":"","publisher":{"@id":"https:\/\/www.paradiselivinghomes.com\/es\/#organization"},"potentialAction":[{"@type":"SearchAction","target":{"@type":"EntryPoint","urlTemplate":"https:\/\/www.paradiselivinghomes.com\/es\/?s={search_term_string}"},"query-input":{"@type":"PropertyValueSpecification","valueRequired":true,"valueName":"search_term_string"}}],"inLanguage":"es"},{"@type":"Organization","@id":"https:\/\/www.paradiselivinghomes.com\/es\/#organization","name":"Paradise Living Real Estate","url":"https:\/\/www.paradiselivinghomes.com\/es\/","logo":{"@type":"ImageObject","inLanguage":"es","@id":"https:\/\/www.paradiselivinghomes.com\/es\/#\/schema\/logo\/image\/","url":"https:\/\/www.paradiselivinghomes.com\/wp-content\/uploads\/2022\/05\/Paradise-Living-QrooLogo-09.png","contentUrl":"https:\/\/www.paradiselivinghomes.com\/wp-content\/uploads\/2022\/05\/Paradise-Living-QrooLogo-09.png","width":2560,"height":642,"caption":"Paradise Living Real Estate"},"image":{"@id":"https:\/\/www.paradiselivinghomes.com\/es\/#\/schema\/logo\/image\/"}}]}},"_links":{"self":[{"href":"https:\/\/www.paradiselivinghomes.com\/es\/wp-json\/wp\/v2\/pages\/62","targetHints":{"allow":["GET"]}}],"collection":[{"href":"https:\/\/www.paradiselivinghomes.com\/es\/wp-json\/wp\/v2\/pages"}],"about":[{"href":"https:\/\/www.paradiselivinghomes.com\/es\/wp-json\/wp\/v2\/types\/page"}],"author":[{"embeddable":true,"href":"https:\/\/www.paradiselivinghomes.com\/es\/wp-json\/wp\/v2\/users\/2"}],"replies":[{"embeddable":true,"href":"https:\/\/www.paradiselivinghomes.com\/es\/wp-json\/wp\/v2\/comments?post=62"}],"version-history":[{"count":5,"href":"https:\/\/www.paradiselivinghomes.com\/es\/wp-json\/wp\/v2\/pages\/62\/revisions"}],"predecessor-version":[{"id":6419,"href":"https:\/\/www.paradiselivinghomes.com\/es\/wp-json\/wp\/v2\/pages\/62\/revisions\/6419"}],"wp:featuredmedia":[{"embeddable":true,"href":"https:\/\/www.paradiselivinghomes.com\/es\/wp-json\/wp\/v2\/media\/4072"}],"wp:attachment":[{"href":"https:\/\/www.paradiselivinghomes.com\/es\/wp-json\/wp\/v2\/media?parent=62"}],"curies":[{"name":"wp","href":"https:\/\/api.w.org\/{rel}","templated":true}]}}