{"id":53,"date":"2022-05-04T10:44:15","date_gmt":"2022-05-04T10:44:15","guid":{"rendered":"https:\/\/energeticthemes.com\/realome\/?page_id=53"},"modified":"2022-05-04T10:44:15","modified_gmt":"2022-05-04T10:44:15","slug":"blog-3-col","status":"publish","type":"page","link":"https:\/\/www.paradiselivinghomes.com\/es\/blog-3-col\/","title":{"rendered":"Blog 3 col"},"content":{"rendered":"<div class=\"wp-block-group alignwide is-layout-flow wp-block-group-is-layout-flow\" style=\"margin-top:64px;margin-bottom:96px\">\n<div class=\"wp-block-query alignwide is-layout-flow wp-block-query-is-layout-flow\"><ul class=\"is-flex-container columns-3 wp-block-post-template is-layout-flow wp-block-post-template-is-layout-flow\"><li class=\"wp-block-post post-7440 post type-post status-publish format-standard has-post-thumbnail hentry category-uncategorized\">\n<figure style=\"height:412px; margin-bottom:30px;margin-top:0px;\" class=\"wp-block-post-featured-image\"><a href=\"https:\/\/www.paradiselivinghomes.com\/es\/2026\/04\/07\/nascar-tulum-2026a-landmark-event-in-the-mexican-caribbean\/\" target=\"_self\"  style=\"height:412px\"><img fetchpriority=\"high\" decoding=\"async\" width=\"1599\" height=\"1066\" src=\"https:\/\/www.paradiselivinghomes.com\/wp-content\/uploads\/2026\/04\/WhatsApp-Image-2026-04-07-at-1.03.08-PM.jpeg\" class=\"attachment-post-thumbnail size-post-thumbnail wp-post-image\" alt=\"NASCAR tulum 2026:A Landmark Event in the Mexican Caribbean\" style=\"height:412px;object-fit:cover;\" srcset=\"https:\/\/www.paradiselivinghomes.com\/wp-content\/uploads\/2026\/04\/WhatsApp-Image-2026-04-07-at-1.03.08-PM.jpeg 1599w, https:\/\/www.paradiselivinghomes.com\/wp-content\/uploads\/2026\/04\/WhatsApp-Image-2026-04-07-at-1.03.08-PM-300x200.jpeg 300w, https:\/\/www.paradiselivinghomes.com\/wp-content\/uploads\/2026\/04\/WhatsApp-Image-2026-04-07-at-1.03.08-PM-1024x683.jpeg 1024w, https:\/\/www.paradiselivinghomes.com\/wp-content\/uploads\/2026\/04\/WhatsApp-Image-2026-04-07-at-1.03.08-PM-768x512.jpeg 768w, https:\/\/www.paradiselivinghomes.com\/wp-content\/uploads\/2026\/04\/WhatsApp-Image-2026-04-07-at-1.03.08-PM-1536x1024.jpeg 1536w, https:\/\/www.paradiselivinghomes.com\/wp-content\/uploads\/2026\/04\/WhatsApp-Image-2026-04-07-at-1.03.08-PM-18x12.jpeg 18w\" sizes=\"(max-width: 1599px) 100vw, 1599px\" \/><\/a><\/figure>\n\n\n<div class=\"wp-block-group is-layout-flex wp-container-core-group-is-layout-3b3a0bf6 wp-block-group-is-layout-flex\"><div class=\"mt-0 wp-block-post-date\"><time datetime=\"2026-04-07T18:04:21+00:00\">abril 7, 2026<\/time><\/div>\n\n<div class=\"taxonomy-category mt-0 wp-block-post-terms\"><a href=\"https:\/\/www.paradiselivinghomes.com\/es\/category\/uncategorized\/\" rel=\"tag\">Uncategorized<\/a><\/div><\/div>\n\n\n<h2 style=\"line-height:1.3; margin-top:10px;margin-bottom:10px;\" class=\"wp-block-post-title has-large-font-size\"><a href=\"https:\/\/www.paradiselivinghomes.com\/es\/2026\/04\/07\/nascar-tulum-2026a-landmark-event-in-the-mexican-caribbean\/\" target=\"_self\" >NASCAR Tulum 2026: Un Evento Clave en el Caribe Mexicano<\/a><\/h2>\n\n<div style=\"padding-bottom:17px;\" class=\"wp-block-post-excerpt has-small-font-size\"><p class=\"wp-block-post-excerpt__excerpt\">NASCAR M\u00e9xico Series is set to arrive in Tulum for the first time, bringing one of the most ambitious and exciting events of 2026 to the region. Under the name Tulum 100 \u2013 NASCAR MEX &amp; AIR SHOW, this event will blend motorsports, aviation, and tourism into a unique experience in the heart of the&hellip; <\/p><\/div>\n<\/li><li class=\"wp-block-post post-7354 post type-post status-publish format-standard has-post-thumbnail hentry category-inspiration category-investment\">\n<figure style=\"height:412px; margin-bottom:30px;margin-top:0px;\" class=\"wp-block-post-featured-image\"><a href=\"https:\/\/www.paradiselivinghomes.com\/es\/2026\/03\/30\/compromiso-y-crecimiento-en-el-sector-inmobiliario\/\" target=\"_self\"  style=\"height:412px\"><img decoding=\"async\" width=\"1898\" height=\"557\" src=\"https:\/\/www.paradiselivinghomes.com\/wp-content\/uploads\/2026\/03\/Diseno-sin-titulo_20260330_195150_0000.jpg\" class=\"attachment-post-thumbnail size-post-thumbnail wp-post-image\" alt=\"Commitment and Growth in Real Estate\" style=\"height:412px;object-fit:cover;\" srcset=\"https:\/\/www.paradiselivinghomes.com\/wp-content\/uploads\/2026\/03\/Diseno-sin-titulo_20260330_195150_0000.jpg 1898w, https:\/\/www.paradiselivinghomes.com\/wp-content\/uploads\/2026\/03\/Diseno-sin-titulo_20260330_195150_0000-300x88.jpg 300w, https:\/\/www.paradiselivinghomes.com\/wp-content\/uploads\/2026\/03\/Diseno-sin-titulo_20260330_195150_0000-1024x301.jpg 1024w, https:\/\/www.paradiselivinghomes.com\/wp-content\/uploads\/2026\/03\/Diseno-sin-titulo_20260330_195150_0000-768x225.jpg 768w, https:\/\/www.paradiselivinghomes.com\/wp-content\/uploads\/2026\/03\/Diseno-sin-titulo_20260330_195150_0000-1536x451.jpg 1536w, https:\/\/www.paradiselivinghomes.com\/wp-content\/uploads\/2026\/03\/Diseno-sin-titulo_20260330_195150_0000-18x5.jpg 18w\" sizes=\"(max-width: 1898px) 100vw, 1898px\" \/><\/a><\/figure>\n\n\n<div class=\"wp-block-group is-layout-flex wp-container-core-group-is-layout-3b3a0bf6 wp-block-group-is-layout-flex\"><div class=\"mt-0 wp-block-post-date\"><time datetime=\"2026-03-30T20:04:37+00:00\">marzo 30, 2026<\/time><\/div>\n\n<div class=\"taxonomy-category mt-0 wp-block-post-terms\"><a href=\"https:\/\/www.paradiselivinghomes.com\/es\/category\/inspiration\/\" rel=\"tag\">Inspiration<\/a><span class=\"wp-block-post-terms__separator\">, <\/span><a href=\"https:\/\/www.paradiselivinghomes.com\/es\/category\/investment\/\" rel=\"tag\">Investment<\/a><\/div><\/div>\n\n\n<h2 style=\"line-height:1.3; margin-top:10px;margin-bottom:10px;\" class=\"wp-block-post-title has-large-font-size\"><a href=\"https:\/\/www.paradiselivinghomes.com\/es\/2026\/03\/30\/compromiso-y-crecimiento-en-el-sector-inmobiliario\/\" target=\"_self\" >Compromiso y crecimiento en el sector inmobiliario<\/a><\/h2>\n\n<div style=\"padding-bottom:17px;\" class=\"wp-block-post-excerpt has-small-font-size\"><p class=\"wp-block-post-excerpt__excerpt\">We are pleased to share an important milestone in our professional development within the real estate sector.On March 25th, we officially took the oath of office and are now part of the board of directors of the Mexican Association of Real Estate Professionals (AMPI) Cozumel. This step represents an even greater commitment to growth, professionalization,&hellip; <\/p><\/div>\n<\/li><li class=\"wp-block-post post-6877 post type-post status-publish format-standard has-post-thumbnail hentry category-coastal-living tag-inspiration tag-investment\">\n<figure style=\"height:412px; margin-bottom:30px;margin-top:0px;\" class=\"wp-block-post-featured-image\"><a href=\"https:\/\/www.paradiselivinghomes.com\/es\/2025\/04\/18\/what-you-need-to-know-before-relocating-2-2\/\" target=\"_self\"  style=\"height:412px\"><img decoding=\"async\" width=\"1200\" height=\"1200\" src=\"https:\/\/www.paradiselivinghomes.com\/wp-content\/uploads\/2025\/04\/puerto-morelos-quintana-roo-2024-05-27-06-57-01-utc-3.jpg\" class=\"attachment-post-thumbnail size-post-thumbnail wp-post-image\" alt=\"The Benefits of Living by the Beach: Why Life is Better with Sand Between Your Toes\" style=\"height:412px;object-fit:cover;\" srcset=\"https:\/\/www.paradiselivinghomes.com\/wp-content\/uploads\/2025\/04\/puerto-morelos-quintana-roo-2024-05-27-06-57-01-utc-3.jpg 1200w, https:\/\/www.paradiselivinghomes.com\/wp-content\/uploads\/2025\/04\/puerto-morelos-quintana-roo-2024-05-27-06-57-01-utc-3-300x300.jpg 300w, https:\/\/www.paradiselivinghomes.com\/wp-content\/uploads\/2025\/04\/puerto-morelos-quintana-roo-2024-05-27-06-57-01-utc-3-1024x1024.jpg 1024w, https:\/\/www.paradiselivinghomes.com\/wp-content\/uploads\/2025\/04\/puerto-morelos-quintana-roo-2024-05-27-06-57-01-utc-3-150x150.jpg 150w, https:\/\/www.paradiselivinghomes.com\/wp-content\/uploads\/2025\/04\/puerto-morelos-quintana-roo-2024-05-27-06-57-01-utc-3-768x768.jpg 768w, https:\/\/www.paradiselivinghomes.com\/wp-content\/uploads\/2025\/04\/puerto-morelos-quintana-roo-2024-05-27-06-57-01-utc-3-12x12.jpg 12w, https:\/\/www.paradiselivinghomes.com\/wp-content\/uploads\/2025\/04\/puerto-morelos-quintana-roo-2024-05-27-06-57-01-utc-3-1000x1000.jpg 1000w, https:\/\/www.paradiselivinghomes.com\/wp-content\/uploads\/2025\/04\/puerto-morelos-quintana-roo-2024-05-27-06-57-01-utc-3-500x500.jpg 500w\" sizes=\"(max-width: 1200px) 100vw, 1200px\" \/><\/a><\/figure>\n\n\n<div class=\"wp-block-group is-layout-flex wp-container-core-group-is-layout-3b3a0bf6 wp-block-group-is-layout-flex\"><div class=\"mt-0 wp-block-post-date\"><time datetime=\"2025-04-18T20:46:40+00:00\">abril 18, 2025<\/time><\/div>\n\n<div class=\"taxonomy-category mt-0 wp-block-post-terms\"><a href=\"https:\/\/www.paradiselivinghomes.com\/es\/category\/coastal-living\/\" rel=\"tag\">Coastal Living<\/a><\/div><\/div>\n\n\n<h2 style=\"line-height:1.3; margin-top:10px;margin-bottom:10px;\" class=\"wp-block-post-title has-large-font-size\"><a href=\"https:\/\/www.paradiselivinghomes.com\/es\/2025\/04\/18\/what-you-need-to-know-before-relocating-2-2\/\" target=\"_self\" >Los Beneficios de Vivir Cerca de la Playa: Por Qu\u00e9 la Vida es Mejor con Arena en los Pies<\/a><\/h2>\n\n<div style=\"padding-bottom:17px;\" class=\"wp-block-post-excerpt has-small-font-size\"><p class=\"wp-block-post-excerpt__excerpt\">There\u2019s just something magical about waking up to the sound of the waves, stepping outside to feel the sea breeze, and watching the sun set over the horizon\u2014all part of daily life when you live by the beach. Whether you&#8217;re considering a vacation home, relocating, or looking for a smart real estate investment in places&hellip; <\/p><\/div>\n<\/li><li class=\"wp-block-post post-6865 post type-post status-publish format-standard has-post-thumbnail hentry category-coastal-living tag-inspiration tag-investment\">\n<figure style=\"height:412px; margin-bottom:30px;margin-top:0px;\" class=\"wp-block-post-featured-image\"><a href=\"https:\/\/www.paradiselivinghomes.com\/es\/2025\/04\/08\/what-you-need-to-know-before-relocating-2\/\" target=\"_self\"  style=\"height:412px\"><img loading=\"lazy\" decoding=\"async\" width=\"1898\" height=\"557\" src=\"https:\/\/www.paradiselivinghomes.com\/wp-content\/uploads\/2025\/04\/san-miguel-de-cozumel-benito-juarez-park-hero-e1745027645346.avif\" class=\"attachment-post-thumbnail size-post-thumbnail wp-post-image\" alt=\"The Malec\u00f3n of Cozumel: Oceanfront Living at the Heart of the Mexican Caribbean\" style=\"height:412px;object-fit:cover;\" srcset=\"https:\/\/www.paradiselivinghomes.com\/wp-content\/uploads\/2025\/04\/san-miguel-de-cozumel-benito-juarez-park-hero-e1745027645346.avif 1898w, https:\/\/www.paradiselivinghomes.com\/wp-content\/uploads\/2025\/04\/san-miguel-de-cozumel-benito-juarez-park-hero-e1745027645346-300x88.avif 300w, https:\/\/www.paradiselivinghomes.com\/wp-content\/uploads\/2025\/04\/san-miguel-de-cozumel-benito-juarez-park-hero-e1745027645346-1024x301.avif 1024w, https:\/\/www.paradiselivinghomes.com\/wp-content\/uploads\/2025\/04\/san-miguel-de-cozumel-benito-juarez-park-hero-e1745027645346-768x225.avif 768w, https:\/\/www.paradiselivinghomes.com\/wp-content\/uploads\/2025\/04\/san-miguel-de-cozumel-benito-juarez-park-hero-e1745027645346-1536x451.avif 1536w, https:\/\/www.paradiselivinghomes.com\/wp-content\/uploads\/2025\/04\/san-miguel-de-cozumel-benito-juarez-park-hero-e1745027645346-18x5.avif 18w\" sizes=\"(max-width: 1898px) 100vw, 1898px\" \/><\/a><\/figure>\n\n\n<div class=\"wp-block-group is-layout-flex wp-container-core-group-is-layout-3b3a0bf6 wp-block-group-is-layout-flex\"><div class=\"mt-0 wp-block-post-date\"><time datetime=\"2025-04-08T19:34:09+00:00\">abril 8, 2025<\/time><\/div>\n\n<div class=\"taxonomy-category mt-0 wp-block-post-terms\"><a href=\"https:\/\/www.paradiselivinghomes.com\/es\/category\/coastal-living\/\" rel=\"tag\">Coastal Living<\/a><\/div><\/div>\n\n\n<h2 style=\"line-height:1.3; margin-top:10px;margin-bottom:10px;\" class=\"wp-block-post-title has-large-font-size\"><a href=\"https:\/\/www.paradiselivinghomes.com\/es\/2025\/04\/08\/what-you-need-to-know-before-relocating-2\/\" target=\"_self\" >El Malec\u00f3n de Cozumel: Vida Frente al Mar en el Coraz\u00f3n del Caribe Mexicano<\/a><\/h2>\n\n<div style=\"padding-bottom:17px;\" class=\"wp-block-post-excerpt has-small-font-size\"><p class=\"wp-block-post-excerpt__excerpt\">If there\u2019s one place that captures the true spirit of Cozumel, it\u2019s the malec\u00f3n\u2014the island\u2019s famous waterfront promenade that runs along the west coast, where the Caribbean Sea meets local charm. Whether you&#8217;re visiting or looking to invest in real estate in Cozumel, the malec\u00f3n offers it all: ocean views, local culture, great food, artisan&hellip; <\/p><\/div>\n<\/li><li class=\"wp-block-post post-158 post type-post status-publish format-standard has-post-thumbnail hentry category-interior-design tag-inspiration tag-investment\">\n<figure style=\"height:412px; margin-bottom:30px;margin-top:0px;\" class=\"wp-block-post-featured-image\"><a href=\"https:\/\/www.paradiselivinghomes.com\/es\/2025\/04\/05\/what-you-need-to-know-before-relocating\/\" target=\"_self\"  style=\"height:412px\"><img loading=\"lazy\" decoding=\"async\" width=\"1498\" height=\"720\" src=\"https:\/\/www.paradiselivinghomes.com\/wp-content\/uploads\/2022\/05\/leo_espinosa_3-e1745028207658.jpg\" class=\"attachment-post-thumbnail size-post-thumbnail wp-post-image\" alt=\"Why Chukum is the Perfect Choice for Investment Properties in Mexico\u2019s Caribbean\" style=\"height:412px;object-fit:cover;\" srcset=\"https:\/\/www.paradiselivinghomes.com\/wp-content\/uploads\/2022\/05\/leo_espinosa_3-e1745028207658.jpg 1498w, https:\/\/www.paradiselivinghomes.com\/wp-content\/uploads\/2022\/05\/leo_espinosa_3-e1745028207658-300x144.jpg 300w, https:\/\/www.paradiselivinghomes.com\/wp-content\/uploads\/2022\/05\/leo_espinosa_3-e1745028207658-1024x492.jpg 1024w, https:\/\/www.paradiselivinghomes.com\/wp-content\/uploads\/2022\/05\/leo_espinosa_3-e1745028207658-768x369.jpg 768w, https:\/\/www.paradiselivinghomes.com\/wp-content\/uploads\/2022\/05\/leo_espinosa_3-e1745028207658-18x9.jpg 18w\" sizes=\"(max-width: 1498px) 100vw, 1498px\" \/><\/a><\/figure>\n\n\n<div class=\"wp-block-group is-layout-flex wp-container-core-group-is-layout-3b3a0bf6 wp-block-group-is-layout-flex\"><div class=\"mt-0 wp-block-post-date\"><time datetime=\"2025-04-05T02:46:00+00:00\">abril 5, 2025<\/time><\/div>\n\n<div class=\"taxonomy-category mt-0 wp-block-post-terms\"><a href=\"https:\/\/www.paradiselivinghomes.com\/es\/category\/interior-design\/\" rel=\"tag\">Interior design<\/a><\/div><\/div>\n\n\n<h2 style=\"line-height:1.3; margin-top:10px;margin-bottom:10px;\" class=\"wp-block-post-title has-large-font-size\"><a href=\"https:\/\/www.paradiselivinghomes.com\/es\/2025\/04\/05\/what-you-need-to-know-before-relocating\/\" target=\"_self\" >Por Qu\u00e9 el Chukum es la Elecci\u00f3n Perfecta para Propiedades de Inversi\u00f3n en el Caribe Mexicano<\/a><\/h2>\n\n<div style=\"padding-bottom:17px;\" class=\"wp-block-post-excerpt has-small-font-size\"><p class=\"wp-block-post-excerpt__excerpt\">When designing or renovating an investment property in Mexico, one material stands out for its unique blend of beauty, durability, and sustainability\u2014chukum. Whether you&#8217;re looking to buy or build in top real estate hotspots like Cozumel, Tulum, or Playa del Carmen, chukum can enhance your property\u2019s appeal and increase its long-term value. What is chukum?&hellip; <\/p><\/div>\n<\/li><li class=\"wp-block-post post-6886 post type-post status-publish format-standard has-post-thumbnail hentry category-coastal-living tag-inspiration tag-investment\">\n<figure style=\"height:412px; margin-bottom:30px;margin-top:0px;\" class=\"wp-block-post-featured-image\"><a href=\"https:\/\/www.paradiselivinghomes.com\/es\/2025\/03\/25\/what-you-need-to-know-before-relocating-2-2-2\/\" target=\"_self\"  style=\"height:412px\"><img loading=\"lazy\" decoding=\"async\" width=\"1190\" height=\"580\" src=\"https:\/\/www.paradiselivinghomes.com\/wp-content\/uploads\/2025\/04\/cozumel-mexico-coastal-town-skyline-2025-03-23-23-54-45-utc-e1745028387681.jpg\" class=\"attachment-post-thumbnail size-post-thumbnail wp-post-image\" alt=\"Cozumel as a Retirement Haven\" style=\"height:412px;object-fit:cover;\" srcset=\"https:\/\/www.paradiselivinghomes.com\/wp-content\/uploads\/2025\/04\/cozumel-mexico-coastal-town-skyline-2025-03-23-23-54-45-utc-e1745028387681.jpg 1190w, https:\/\/www.paradiselivinghomes.com\/wp-content\/uploads\/2025\/04\/cozumel-mexico-coastal-town-skyline-2025-03-23-23-54-45-utc-e1745028387681-300x146.jpg 300w, https:\/\/www.paradiselivinghomes.com\/wp-content\/uploads\/2025\/04\/cozumel-mexico-coastal-town-skyline-2025-03-23-23-54-45-utc-e1745028387681-1024x499.jpg 1024w, https:\/\/www.paradiselivinghomes.com\/wp-content\/uploads\/2025\/04\/cozumel-mexico-coastal-town-skyline-2025-03-23-23-54-45-utc-e1745028387681-768x374.jpg 768w, https:\/\/www.paradiselivinghomes.com\/wp-content\/uploads\/2025\/04\/cozumel-mexico-coastal-town-skyline-2025-03-23-23-54-45-utc-e1745028387681-18x9.jpg 18w\" sizes=\"(max-width: 1190px) 100vw, 1190px\" \/><\/a><\/figure>\n\n\n<div class=\"wp-block-group is-layout-flex wp-container-core-group-is-layout-3b3a0bf6 wp-block-group-is-layout-flex\"><div class=\"mt-0 wp-block-post-date\"><time datetime=\"2025-03-25T23:35:00+00:00\">marzo 25, 2025<\/time><\/div>\n\n<div class=\"taxonomy-category mt-0 wp-block-post-terms\"><a href=\"https:\/\/www.paradiselivinghomes.com\/es\/category\/coastal-living\/\" rel=\"tag\">Coastal Living<\/a><\/div><\/div>\n\n\n<h2 style=\"line-height:1.3; margin-top:10px;margin-bottom:10px;\" class=\"wp-block-post-title has-large-font-size\"><a href=\"https:\/\/www.paradiselivinghomes.com\/es\/2025\/03\/25\/what-you-need-to-know-before-relocating-2-2-2\/\" target=\"_self\" >Cozumel: Un Cielo Ideal para el Retiro<\/a><\/h2>\n\n<div style=\"padding-bottom:17px;\" class=\"wp-block-post-excerpt has-small-font-size\"><p class=\"wp-block-post-excerpt__excerpt\">Cozumel, Mexico&#8217;s largest Caribbean island, has recently been designated as a UNESCO World Heritage Site, joining the esteemed ranks of globally recognized natural treasures. This prestigious recognition not only underscores Cozumel&#8217;s exceptional ecological and cultural value but also enhances its appeal as a prime destination for retirees and savvy investors seeking a tropical paradise with&hellip; <\/p><\/div>\n<\/li><\/ul>\n\n<\/div>\n<\/div>","protected":false},"excerpt":{"rendered":"","protected":false},"author":2,"featured_media":0,"parent":0,"menu_order":0,"comment_status":"closed","ping_status":"closed","template":"template-no-title","meta":{"_acf_changed":false,"_monsterinsights_skip_tracking":false,"_monsterinsights_sitenote_active":false,"_monsterinsights_sitenote_note":"","_monsterinsights_sitenote_category":0,"footnotes":""},"class_list":["post-53","page","type-page","status-publish","hentry"],"acf":[],"aioseo_notices":[],"yoast_head":"<!-- This site is optimized with the Yoast SEO plugin v27.3 - https:\/\/yoast.com\/product\/yoast-seo-wordpress\/ -->\n<title>Blog 3 col - Paradise Living Real Estate<\/title>\n<meta name=\"robots\" content=\"index, follow, max-snippet:-1, max-image-preview:large, max-video-preview:-1\" \/>\n<link rel=\"canonical\" href=\"https:\/\/www.paradiselivinghomes.com\/es\/blog-3-col\/\" \/>\n<meta property=\"og:locale\" content=\"es_MX\" \/>\n<meta property=\"og:type\" content=\"article\" \/>\n<meta property=\"og:title\" content=\"Blog 3 col - Paradise Living Real Estate\" \/>\n<meta property=\"og:url\" content=\"https:\/\/www.paradiselivinghomes.com\/es\/blog-3-col\/\" \/>\n<meta property=\"og:site_name\" content=\"Paradise Living Real Estate\" \/>\n<meta name=\"twitter:card\" content=\"summary_large_image\" \/>\n<script type=\"application\/ld+json\" class=\"yoast-schema-graph\">{\"@context\":\"https:\\\/\\\/schema.org\",\"@graph\":[{\"@type\":\"WebPage\",\"@id\":\"https:\\\/\\\/www.paradiselivinghomes.com\\\/blog-3-col\\\/\",\"url\":\"https:\\\/\\\/www.paradiselivinghomes.com\\\/blog-3-col\\\/\",\"name\":\"Blog 3 col - Paradise Living Real Estate\",\"isPartOf\":{\"@id\":\"https:\\\/\\\/www.paradiselivinghomes.com\\\/es\\\/#website\"},\"datePublished\":\"2022-05-04T10:44:15+00:00\",\"breadcrumb\":{\"@id\":\"https:\\\/\\\/www.paradiselivinghomes.com\\\/blog-3-col\\\/#breadcrumb\"},\"inLanguage\":\"es\",\"potentialAction\":[{\"@type\":\"ReadAction\",\"target\":[\"https:\\\/\\\/www.paradiselivinghomes.com\\\/blog-3-col\\\/\"]}]},{\"@type\":\"BreadcrumbList\",\"@id\":\"https:\\\/\\\/www.paradiselivinghomes.com\\\/blog-3-col\\\/#breadcrumb\",\"itemListElement\":[{\"@type\":\"ListItem\",\"position\":1,\"name\":\"Home\",\"item\":\"https:\\\/\\\/www.paradiselivinghomes.com\\\/\"},{\"@type\":\"ListItem\",\"position\":2,\"name\":\"Blog 3 col\"}]},{\"@type\":\"WebSite\",\"@id\":\"https:\\\/\\\/www.paradiselivinghomes.com\\\/es\\\/#website\",\"url\":\"https:\\\/\\\/www.paradiselivinghomes.com\\\/es\\\/\",\"name\":\"Paradise Living Real Estate\",\"description\":\"\",\"publisher\":{\"@id\":\"https:\\\/\\\/www.paradiselivinghomes.com\\\/es\\\/#organization\"},\"potentialAction\":[{\"@type\":\"SearchAction\",\"target\":{\"@type\":\"EntryPoint\",\"urlTemplate\":\"https:\\\/\\\/www.paradiselivinghomes.com\\\/es\\\/?s={search_term_string}\"},\"query-input\":{\"@type\":\"PropertyValueSpecification\",\"valueRequired\":true,\"valueName\":\"search_term_string\"}}],\"inLanguage\":\"es\"},{\"@type\":\"Organization\",\"@id\":\"https:\\\/\\\/www.paradiselivinghomes.com\\\/es\\\/#organization\",\"name\":\"Paradise Living Real Estate\",\"url\":\"https:\\\/\\\/www.paradiselivinghomes.com\\\/es\\\/\",\"logo\":{\"@type\":\"ImageObject\",\"inLanguage\":\"es\",\"@id\":\"https:\\\/\\\/www.paradiselivinghomes.com\\\/es\\\/#\\\/schema\\\/logo\\\/image\\\/\",\"url\":\"https:\\\/\\\/www.paradiselivinghomes.com\\\/wp-content\\\/uploads\\\/2022\\\/05\\\/Paradise-Living-QrooLogo-09.png\",\"contentUrl\":\"https:\\\/\\\/www.paradiselivinghomes.com\\\/wp-content\\\/uploads\\\/2022\\\/05\\\/Paradise-Living-QrooLogo-09.png\",\"width\":2560,\"height\":642,\"caption\":\"Paradise Living Real Estate\"},\"image\":{\"@id\":\"https:\\\/\\\/www.paradiselivinghomes.com\\\/es\\\/#\\\/schema\\\/logo\\\/image\\\/\"}}]}<\/script>\n<!-- \/ Yoast SEO plugin. -->","yoast_head_json":{"title":"Blog 3 col - Paradise Living Real Estate","robots":{"index":"index","follow":"follow","max-snippet":"max-snippet:-1","max-image-preview":"max-image-preview:large","max-video-preview":"max-video-preview:-1"},"canonical":"https:\/\/www.paradiselivinghomes.com\/es\/blog-3-col\/","og_locale":"es_MX","og_type":"article","og_title":"Blog 3 col - Paradise Living Real Estate","og_url":"https:\/\/www.paradiselivinghomes.com\/es\/blog-3-col\/","og_site_name":"Paradise Living Real Estate","twitter_card":"summary_large_image","schema":{"@context":"https:\/\/schema.org","@graph":[{"@type":"WebPage","@id":"https:\/\/www.paradiselivinghomes.com\/blog-3-col\/","url":"https:\/\/www.paradiselivinghomes.com\/blog-3-col\/","name":"Blog 3 col - Paradise Living Real Estate","isPartOf":{"@id":"https:\/\/www.paradiselivinghomes.com\/es\/#website"},"datePublished":"2022-05-04T10:44:15+00:00","breadcrumb":{"@id":"https:\/\/www.paradiselivinghomes.com\/blog-3-col\/#breadcrumb"},"inLanguage":"es","potentialAction":[{"@type":"ReadAction","target":["https:\/\/www.paradiselivinghomes.com\/blog-3-col\/"]}]},{"@type":"BreadcrumbList","@id":"https:\/\/www.paradiselivinghomes.com\/blog-3-col\/#breadcrumb","itemListElement":[{"@type":"ListItem","position":1,"name":"Home","item":"https:\/\/www.paradiselivinghomes.com\/"},{"@type":"ListItem","position":2,"name":"Blog 3 col"}]},{"@type":"WebSite","@id":"https:\/\/www.paradiselivinghomes.com\/es\/#website","url":"https:\/\/www.paradiselivinghomes.com\/es\/","name":"Paradise Living Real Estate","description":"","publisher":{"@id":"https:\/\/www.paradiselivinghomes.com\/es\/#organization"},"potentialAction":[{"@type":"SearchAction","target":{"@type":"EntryPoint","urlTemplate":"https:\/\/www.paradiselivinghomes.com\/es\/?s={search_term_string}"},"query-input":{"@type":"PropertyValueSpecification","valueRequired":true,"valueName":"search_term_string"}}],"inLanguage":"es"},{"@type":"Organization","@id":"https:\/\/www.paradiselivinghomes.com\/es\/#organization","name":"Paradise Living Real Estate","url":"https:\/\/www.paradiselivinghomes.com\/es\/","logo":{"@type":"ImageObject","inLanguage":"es","@id":"https:\/\/www.paradiselivinghomes.com\/es\/#\/schema\/logo\/image\/","url":"https:\/\/www.paradiselivinghomes.com\/wp-content\/uploads\/2022\/05\/Paradise-Living-QrooLogo-09.png","contentUrl":"https:\/\/www.paradiselivinghomes.com\/wp-content\/uploads\/2022\/05\/Paradise-Living-QrooLogo-09.png","width":2560,"height":642,"caption":"Paradise Living Real Estate"},"image":{"@id":"https:\/\/www.paradiselivinghomes.com\/es\/#\/schema\/logo\/image\/"}}]}},"_links":{"self":[{"href":"https:\/\/www.paradiselivinghomes.com\/es\/wp-json\/wp\/v2\/pages\/53","targetHints":{"allow":["GET"]}}],"collection":[{"href":"https:\/\/www.paradiselivinghomes.com\/es\/wp-json\/wp\/v2\/pages"}],"about":[{"href":"https:\/\/www.paradiselivinghomes.com\/es\/wp-json\/wp\/v2\/types\/page"}],"author":[{"embeddable":true,"href":"https:\/\/www.paradiselivinghomes.com\/es\/wp-json\/wp\/v2\/users\/2"}],"replies":[{"embeddable":true,"href":"https:\/\/www.paradiselivinghomes.com\/es\/wp-json\/wp\/v2\/comments?post=53"}],"version-history":[{"count":0,"href":"https:\/\/www.paradiselivinghomes.com\/es\/wp-json\/wp\/v2\/pages\/53\/revisions"}],"wp:attachment":[{"href":"https:\/\/www.paradiselivinghomes.com\/es\/wp-json\/wp\/v2\/media?parent=53"}],"curies":[{"name":"wp","href":"https:\/\/api.w.org\/{rel}","templated":true}]}}