{"id":43,"date":"2022-05-04T10:42:53","date_gmt":"2022-05-04T10:42:53","guid":{"rendered":"https:\/\/energeticthemes.com\/realome\/?page_id=43"},"modified":"2025-04-19T02:51:05","modified_gmt":"2025-04-19T02:51:05","slug":"about-us","status":"publish","type":"page","link":"https:\/\/www.paradiselivinghomes.com\/es\/about-us\/","title":{"rendered":"About Paradise"},"content":{"rendered":"<div class=\"wp-block-columns alignwide is-layout-flex wp-container-core-columns-is-layout-0fa29fbc wp-block-columns-is-layout-flex\" style=\"padding-top:64px;padding-bottom:48px\">\n<div class=\"wp-block-column is-layout-flow wp-block-column-is-layout-flow\">\n<h6 class=\"wp-block-heading has-text-align-center has-text-color has-medium-font-size\" style=\"color:#1d4a96;margin-bottom:2px\"><strong>\u00bfQui\u00e9nes somos?<\/strong><\/h6>\n\n\n\n<h2 class=\"wp-block-heading has-text-align-center has-foreground-color has-text-color has-link-color has-xx-large-font-size wp-elements-22ece2410920b3ea7b1a3dac95df984c\" style=\"margin-top:0px;margin-bottom:16px\">\u00a1Bienvenido a Paradise Living Homes!<\/h2>\n\n\n\n<p class=\"has-text-align-center\">Somos un equipo apasionado de expertos dedicados a ayudarte a encontrar tu hogar ideal en el para\u00edso. Especializados en la venta y renta de casas, departamentos y propiedades en todo M\u00e9xico, ofrecemos atenci\u00f3n al cliente biling\u00fce y un compromiso genuino con hacer realidad tus sue\u00f1os. Ya sea que est\u00e9s comprando o rentando, nuestro equipo te brinda soluciones personalizadas para acompa\u00f1arte en cada paso del camino.<\/p>\n<\/div>\n<\/div>\n\n\n\n<div class=\"wp-block-group alignfull has-white-background-color has-background is-layout-constrained wp-block-group-is-layout-constrained\" style=\"padding-top:0px;padding-bottom:0px\">\n<div class=\"wp-block-media-text alignwide is-stacked-on-mobile\" style=\"grid-template-columns:30% auto\"><figure class=\"wp-block-media-text__media\"><img fetchpriority=\"high\" decoding=\"async\" width=\"681\" height=\"1024\" src=\"https:\/\/www.paradiselivinghomes.com\/wp-content\/uploads\/2024\/10\/couple-walking-hand-in-hand-2023-11-27-04-53-25-utc-1-681x1024.jpg\" alt=\"\" class=\"wp-image-5826 size-square-medium\" srcset=\"https:\/\/www.paradiselivinghomes.com\/wp-content\/uploads\/2024\/10\/couple-walking-hand-in-hand-2023-11-27-04-53-25-utc-1-681x1024.jpg 681w, https:\/\/www.paradiselivinghomes.com\/wp-content\/uploads\/2024\/10\/couple-walking-hand-in-hand-2023-11-27-04-53-25-utc-1-200x300.jpg 200w, https:\/\/www.paradiselivinghomes.com\/wp-content\/uploads\/2024\/10\/couple-walking-hand-in-hand-2023-11-27-04-53-25-utc-1-768x1154.jpg 768w, https:\/\/www.paradiselivinghomes.com\/wp-content\/uploads\/2024\/10\/couple-walking-hand-in-hand-2023-11-27-04-53-25-utc-1-1022x1536.jpg 1022w, https:\/\/www.paradiselivinghomes.com\/wp-content\/uploads\/2024\/10\/couple-walking-hand-in-hand-2023-11-27-04-53-25-utc-1-1363x2048.jpg 1363w, https:\/\/www.paradiselivinghomes.com\/wp-content\/uploads\/2024\/10\/couple-walking-hand-in-hand-2023-11-27-04-53-25-utc-1-8x12.jpg 8w, https:\/\/www.paradiselivinghomes.com\/wp-content\/uploads\/2024\/10\/couple-walking-hand-in-hand-2023-11-27-04-53-25-utc-1-600x902.jpg 600w, https:\/\/www.paradiselivinghomes.com\/wp-content\/uploads\/2024\/10\/couple-walking-hand-in-hand-2023-11-27-04-53-25-utc-1-scaled.jpg 1703w\" sizes=\"(max-width: 681px) 100vw, 681px\" \/><\/figure><div class=\"wp-block-media-text__content\">\n<h6 class=\"wp-block-heading has-text-color has-medium-font-size\" style=\"color:#1d4a96;margin-bottom:0px\"><strong>Nuestra Misi\u00f3n<\/strong><\/h6>\n\n\n\n<h3 class=\"wp-block-heading has-foreground-color has-text-color has-link-color has-x-large-font-size wp-elements-d6f7c5de4720fba3614ea0bd623e6d01\" style=\"margin-top:4px;margin-bottom:16px\">Confort y Estilo de Vida en Tu Propiedad Ideal<\/h3>\n\n\n\n<p class=\"mt-0 has-foreground-color has-text-color has-link-color has-small-font-size wp-elements-0d1d6e99e2d43f14e51481b6805de73d\">Sabemos que encontrar la casa de retiro perfecta, una propiedad vacacional o simplemente un cambio de escenario es esencial. Nuestra misi\u00f3n en Paradise Living es proporcionar el confort y estilo de vida que nuestros clientes merecen, ofreciendo soluciones inmobiliarias personalizadas que se ajusten a sus necesidades y deseos \u00fanicos.<\/p>\n\n\n\n<p class=\"has-foreground-color has-text-color has-link-color has-small-font-size wp-elements-bd676662aeb92d8bf7ad5c78dfab903f\">Trabajamos incansablemente para garantizar una experiencia fluida y satisfactoria durante todo el proceso de compra o alquiler. Con a\u00f1os de experiencia en el mercado inmobiliario y un profundo amor por la regi\u00f3n, nuestro equipo ofrece una perspectiva \u00fanica y un compromiso inquebrantable para ayudarte a encontrar la casa de sus sue\u00f1os.<\/p>\n<\/div><\/div>\n<\/div>\n\n\n\n<div class=\"wp-block-group alignfull is-layout-constrained wp-block-group-is-layout-constrained\" style=\"padding-top:64px;padding-bottom:64px\">\n<div class=\"wp-block-media-text alignwide has-media-on-the-right is-stacked-on-mobile\" style=\"grid-template-columns:auto 30%\"><div class=\"wp-block-media-text__content\">\n<h6 class=\"wp-block-heading has-text-color has-medium-font-size\" style=\"color:#1d4a96;margin-bottom:0px\"><strong>Nuestra Visi\u00f3n<\/strong><\/h6>\n\n\n\n<h3 class=\"wp-block-heading has-foreground-color has-text-color has-link-color has-x-large-font-size wp-elements-a19d140e1c9d2e73888983854db163d3\" style=\"margin-top:4px;margin-bottom:16px\">Creando Nuevas Experiencias de Vida<\/h3>\n\n\n\n<p class=\"mt-0 has-foreground-color has-text-color has-link-color has-small-font-size wp-elements-c53945292df5df24889e7acadfae3e44\">En Paradise Living Quintana Roo y M\u00e1s Bienes Ra\u00edces, nuestra visi\u00f3n es ser el refugio perfecto para personas mayores de 50 a\u00f1os que buscan el hogar ideal para una jubilaci\u00f3n llena de confort, aventura y satisfacci\u00f3n. Ofrecemos m\u00e1s que propiedades; le ayudamos a encontrar ese lugar especial donde puedas vivir la vida al m\u00e1ximo y realmente sentirse en casa.<\/p>\n<\/div><figure class=\"wp-block-media-text__media\"><img decoding=\"async\" width=\"683\" height=\"1024\" src=\"https:\/\/www.paradiselivinghomes.com\/wp-content\/uploads\/2024\/10\/colourful-architecture-in-guatape-colombia-2023-11-27-05-37-19-utc-683x1024.jpg\" alt=\"\" class=\"wp-image-5825 size-square-medium\" srcset=\"https:\/\/www.paradiselivinghomes.com\/wp-content\/uploads\/2024\/10\/colourful-architecture-in-guatape-colombia-2023-11-27-05-37-19-utc-683x1024.jpg 683w, https:\/\/www.paradiselivinghomes.com\/wp-content\/uploads\/2024\/10\/colourful-architecture-in-guatape-colombia-2023-11-27-05-37-19-utc-200x300.jpg 200w, https:\/\/www.paradiselivinghomes.com\/wp-content\/uploads\/2024\/10\/colourful-architecture-in-guatape-colombia-2023-11-27-05-37-19-utc-768x1152.jpg 768w, https:\/\/www.paradiselivinghomes.com\/wp-content\/uploads\/2024\/10\/colourful-architecture-in-guatape-colombia-2023-11-27-05-37-19-utc-1024x1536.jpg 1024w, https:\/\/www.paradiselivinghomes.com\/wp-content\/uploads\/2024\/10\/colourful-architecture-in-guatape-colombia-2023-11-27-05-37-19-utc-1365x2048.jpg 1365w, https:\/\/www.paradiselivinghomes.com\/wp-content\/uploads\/2024\/10\/colourful-architecture-in-guatape-colombia-2023-11-27-05-37-19-utc-8x12.jpg 8w, https:\/\/www.paradiselivinghomes.com\/wp-content\/uploads\/2024\/10\/colourful-architecture-in-guatape-colombia-2023-11-27-05-37-19-utc-600x900.jpg 600w, https:\/\/www.paradiselivinghomes.com\/wp-content\/uploads\/2024\/10\/colourful-architecture-in-guatape-colombia-2023-11-27-05-37-19-utc-scaled.jpg 1707w\" sizes=\"(max-width: 683px) 100vw, 683px\" \/><\/figure><\/div>\n<\/div>\n\n\n\n<div style=\"height:64px\" aria-hidden=\"true\" class=\"wp-block-spacer\"><\/div>","protected":false},"excerpt":{"rendered":"<p>Who are we? Welcome to Paradise Living Homes! We\u2019re a passionate team of experts dedicated to helping you find your ideal home in paradise. Specializing in the sale and rental of houses, apartments, and properties across Mexico, we provide bilingual customer service and a genuine commitment to making your dreams a reality. Whether you&#8217;re buying [&hellip;]<\/p>\n","protected":false},"author":2,"featured_media":0,"parent":0,"menu_order":0,"comment_status":"closed","ping_status":"closed","template":"template-no-title","meta":{"_acf_changed":false,"_monsterinsights_skip_tracking":false,"_monsterinsights_sitenote_active":false,"_monsterinsights_sitenote_note":"","_monsterinsights_sitenote_category":0,"footnotes":""},"class_list":["post-43","page","type-page","status-publish","hentry"],"acf":[],"aioseo_notices":[],"yoast_head":"<!-- This site is optimized with the Yoast SEO plugin v27.3 - https:\/\/yoast.com\/product\/yoast-seo-wordpress\/ -->\n<title>About Paradise - Paradise Living Real Estate<\/title>\n<meta name=\"robots\" content=\"index, follow, max-snippet:-1, max-image-preview:large, max-video-preview:-1\" \/>\n<link rel=\"canonical\" href=\"https:\/\/www.paradiselivinghomes.com\/es\/about-us\/\" \/>\n<meta property=\"og:locale\" content=\"es_MX\" \/>\n<meta property=\"og:type\" content=\"article\" \/>\n<meta property=\"og:title\" content=\"About Paradise - Paradise Living Real Estate\" \/>\n<meta property=\"og:description\" content=\"Who are we? Welcome to Paradise Living Homes! We\u2019re a passionate team of experts dedicated to helping you find your ideal home in paradise. Specializing in the sale and rental of houses, apartments, and properties across Mexico, we provide bilingual customer service and a genuine commitment to making your dreams a reality. Whether you&#8217;re buying [&hellip;]\" \/>\n<meta property=\"og:url\" content=\"https:\/\/www.paradiselivinghomes.com\/es\/about-us\/\" \/>\n<meta property=\"og:site_name\" content=\"Paradise Living Real Estate\" \/>\n<meta property=\"article:modified_time\" content=\"2025-04-19T02:51:05+00:00\" \/>\n<meta property=\"og:image\" content=\"https:\/\/www.paradiselivinghomes.com\/wp-content\/uploads\/2024\/10\/couple-walking-hand-in-hand-2023-11-27-04-53-25-utc-1-scaled.jpg\" \/>\n\t<meta property=\"og:image:width\" content=\"1703\" \/>\n\t<meta property=\"og:image:height\" content=\"2560\" \/>\n\t<meta property=\"og:image:type\" content=\"image\/jpeg\" \/>\n<meta name=\"twitter:card\" content=\"summary_large_image\" \/>\n<meta name=\"twitter:label1\" content=\"Tiempo de lectura\" \/>\n\t<meta name=\"twitter:data1\" content=\"1 minuto\" \/>\n<script type=\"application\/ld+json\" class=\"yoast-schema-graph\">{\"@context\":\"https:\\\/\\\/schema.org\",\"@graph\":[{\"@type\":\"WebPage\",\"@id\":\"https:\\\/\\\/www.paradiselivinghomes.com\\\/about-us\\\/\",\"url\":\"https:\\\/\\\/www.paradiselivinghomes.com\\\/about-us\\\/\",\"name\":\"About Paradise - Paradise Living Real Estate\",\"isPartOf\":{\"@id\":\"https:\\\/\\\/www.paradiselivinghomes.com\\\/es\\\/#website\"},\"primaryImageOfPage\":{\"@id\":\"https:\\\/\\\/www.paradiselivinghomes.com\\\/about-us\\\/#primaryimage\"},\"image\":{\"@id\":\"https:\\\/\\\/www.paradiselivinghomes.com\\\/about-us\\\/#primaryimage\"},\"thumbnailUrl\":\"https:\\\/\\\/www.paradiselivinghomes.com\\\/wp-content\\\/uploads\\\/2024\\\/10\\\/couple-walking-hand-in-hand-2023-11-27-04-53-25-utc-1-681x1024.jpg\",\"datePublished\":\"2022-05-04T10:42:53+00:00\",\"dateModified\":\"2025-04-19T02:51:05+00:00\",\"breadcrumb\":{\"@id\":\"https:\\\/\\\/www.paradiselivinghomes.com\\\/about-us\\\/#breadcrumb\"},\"inLanguage\":\"es\",\"potentialAction\":[{\"@type\":\"ReadAction\",\"target\":[\"https:\\\/\\\/www.paradiselivinghomes.com\\\/about-us\\\/\"]}]},{\"@type\":\"ImageObject\",\"inLanguage\":\"es\",\"@id\":\"https:\\\/\\\/www.paradiselivinghomes.com\\\/about-us\\\/#primaryimage\",\"url\":\"https:\\\/\\\/www.paradiselivinghomes.com\\\/wp-content\\\/uploads\\\/2024\\\/10\\\/couple-walking-hand-in-hand-2023-11-27-04-53-25-utc-1-681x1024.jpg\",\"contentUrl\":\"https:\\\/\\\/www.paradiselivinghomes.com\\\/wp-content\\\/uploads\\\/2024\\\/10\\\/couple-walking-hand-in-hand-2023-11-27-04-53-25-utc-1-681x1024.jpg\"},{\"@type\":\"BreadcrumbList\",\"@id\":\"https:\\\/\\\/www.paradiselivinghomes.com\\\/about-us\\\/#breadcrumb\",\"itemListElement\":[{\"@type\":\"ListItem\",\"position\":1,\"name\":\"Home\",\"item\":\"https:\\\/\\\/www.paradiselivinghomes.com\\\/\"},{\"@type\":\"ListItem\",\"position\":2,\"name\":\"About Paradise\"}]},{\"@type\":\"WebSite\",\"@id\":\"https:\\\/\\\/www.paradiselivinghomes.com\\\/es\\\/#website\",\"url\":\"https:\\\/\\\/www.paradiselivinghomes.com\\\/es\\\/\",\"name\":\"Paradise Living Real Estate\",\"description\":\"\",\"publisher\":{\"@id\":\"https:\\\/\\\/www.paradiselivinghomes.com\\\/es\\\/#organization\"},\"potentialAction\":[{\"@type\":\"SearchAction\",\"target\":{\"@type\":\"EntryPoint\",\"urlTemplate\":\"https:\\\/\\\/www.paradiselivinghomes.com\\\/es\\\/?s={search_term_string}\"},\"query-input\":{\"@type\":\"PropertyValueSpecification\",\"valueRequired\":true,\"valueName\":\"search_term_string\"}}],\"inLanguage\":\"es\"},{\"@type\":\"Organization\",\"@id\":\"https:\\\/\\\/www.paradiselivinghomes.com\\\/es\\\/#organization\",\"name\":\"Paradise Living Real Estate\",\"url\":\"https:\\\/\\\/www.paradiselivinghomes.com\\\/es\\\/\",\"logo\":{\"@type\":\"ImageObject\",\"inLanguage\":\"es\",\"@id\":\"https:\\\/\\\/www.paradiselivinghomes.com\\\/es\\\/#\\\/schema\\\/logo\\\/image\\\/\",\"url\":\"https:\\\/\\\/www.paradiselivinghomes.com\\\/wp-content\\\/uploads\\\/2022\\\/05\\\/Paradise-Living-QrooLogo-09.png\",\"contentUrl\":\"https:\\\/\\\/www.paradiselivinghomes.com\\\/wp-content\\\/uploads\\\/2022\\\/05\\\/Paradise-Living-QrooLogo-09.png\",\"width\":2560,\"height\":642,\"caption\":\"Paradise Living Real Estate\"},\"image\":{\"@id\":\"https:\\\/\\\/www.paradiselivinghomes.com\\\/es\\\/#\\\/schema\\\/logo\\\/image\\\/\"}}]}<\/script>\n<!-- \/ Yoast SEO plugin. -->","yoast_head_json":{"title":"About Paradise - Paradise Living Real Estate","robots":{"index":"index","follow":"follow","max-snippet":"max-snippet:-1","max-image-preview":"max-image-preview:large","max-video-preview":"max-video-preview:-1"},"canonical":"https:\/\/www.paradiselivinghomes.com\/es\/about-us\/","og_locale":"es_MX","og_type":"article","og_title":"About Paradise - Paradise Living Real Estate","og_description":"Who are we? Welcome to Paradise Living Homes! We\u2019re a passionate team of experts dedicated to helping you find your ideal home in paradise. Specializing in the sale and rental of houses, apartments, and properties across Mexico, we provide bilingual customer service and a genuine commitment to making your dreams a reality. Whether you&#8217;re buying [&hellip;]","og_url":"https:\/\/www.paradiselivinghomes.com\/es\/about-us\/","og_site_name":"Paradise Living Real Estate","article_modified_time":"2025-04-19T02:51:05+00:00","og_image":[{"width":1703,"height":2560,"url":"https:\/\/www.paradiselivinghomes.com\/wp-content\/uploads\/2024\/10\/couple-walking-hand-in-hand-2023-11-27-04-53-25-utc-1-scaled.jpg","type":"image\/jpeg"}],"twitter_card":"summary_large_image","twitter_misc":{"Tiempo de lectura":"1 minuto"},"schema":{"@context":"https:\/\/schema.org","@graph":[{"@type":"WebPage","@id":"https:\/\/www.paradiselivinghomes.com\/about-us\/","url":"https:\/\/www.paradiselivinghomes.com\/about-us\/","name":"About Paradise - Paradise Living Real Estate","isPartOf":{"@id":"https:\/\/www.paradiselivinghomes.com\/es\/#website"},"primaryImageOfPage":{"@id":"https:\/\/www.paradiselivinghomes.com\/about-us\/#primaryimage"},"image":{"@id":"https:\/\/www.paradiselivinghomes.com\/about-us\/#primaryimage"},"thumbnailUrl":"https:\/\/www.paradiselivinghomes.com\/wp-content\/uploads\/2024\/10\/couple-walking-hand-in-hand-2023-11-27-04-53-25-utc-1-681x1024.jpg","datePublished":"2022-05-04T10:42:53+00:00","dateModified":"2025-04-19T02:51:05+00:00","breadcrumb":{"@id":"https:\/\/www.paradiselivinghomes.com\/about-us\/#breadcrumb"},"inLanguage":"es","potentialAction":[{"@type":"ReadAction","target":["https:\/\/www.paradiselivinghomes.com\/about-us\/"]}]},{"@type":"ImageObject","inLanguage":"es","@id":"https:\/\/www.paradiselivinghomes.com\/about-us\/#primaryimage","url":"https:\/\/www.paradiselivinghomes.com\/wp-content\/uploads\/2024\/10\/couple-walking-hand-in-hand-2023-11-27-04-53-25-utc-1-681x1024.jpg","contentUrl":"https:\/\/www.paradiselivinghomes.com\/wp-content\/uploads\/2024\/10\/couple-walking-hand-in-hand-2023-11-27-04-53-25-utc-1-681x1024.jpg"},{"@type":"BreadcrumbList","@id":"https:\/\/www.paradiselivinghomes.com\/about-us\/#breadcrumb","itemListElement":[{"@type":"ListItem","position":1,"name":"Home","item":"https:\/\/www.paradiselivinghomes.com\/"},{"@type":"ListItem","position":2,"name":"About Paradise"}]},{"@type":"WebSite","@id":"https:\/\/www.paradiselivinghomes.com\/es\/#website","url":"https:\/\/www.paradiselivinghomes.com\/es\/","name":"Paradise Living Real Estate","description":"","publisher":{"@id":"https:\/\/www.paradiselivinghomes.com\/es\/#organization"},"potentialAction":[{"@type":"SearchAction","target":{"@type":"EntryPoint","urlTemplate":"https:\/\/www.paradiselivinghomes.com\/es\/?s={search_term_string}"},"query-input":{"@type":"PropertyValueSpecification","valueRequired":true,"valueName":"search_term_string"}}],"inLanguage":"es"},{"@type":"Organization","@id":"https:\/\/www.paradiselivinghomes.com\/es\/#organization","name":"Paradise Living Real Estate","url":"https:\/\/www.paradiselivinghomes.com\/es\/","logo":{"@type":"ImageObject","inLanguage":"es","@id":"https:\/\/www.paradiselivinghomes.com\/es\/#\/schema\/logo\/image\/","url":"https:\/\/www.paradiselivinghomes.com\/wp-content\/uploads\/2022\/05\/Paradise-Living-QrooLogo-09.png","contentUrl":"https:\/\/www.paradiselivinghomes.com\/wp-content\/uploads\/2022\/05\/Paradise-Living-QrooLogo-09.png","width":2560,"height":642,"caption":"Paradise Living Real Estate"},"image":{"@id":"https:\/\/www.paradiselivinghomes.com\/es\/#\/schema\/logo\/image\/"}}]}},"_links":{"self":[{"href":"https:\/\/www.paradiselivinghomes.com\/es\/wp-json\/wp\/v2\/pages\/43","targetHints":{"allow":["GET"]}}],"collection":[{"href":"https:\/\/www.paradiselivinghomes.com\/es\/wp-json\/wp\/v2\/pages"}],"about":[{"href":"https:\/\/www.paradiselivinghomes.com\/es\/wp-json\/wp\/v2\/types\/page"}],"author":[{"embeddable":true,"href":"https:\/\/www.paradiselivinghomes.com\/es\/wp-json\/wp\/v2\/users\/2"}],"replies":[{"embeddable":true,"href":"https:\/\/www.paradiselivinghomes.com\/es\/wp-json\/wp\/v2\/comments?post=43"}],"version-history":[{"count":10,"href":"https:\/\/www.paradiselivinghomes.com\/es\/wp-json\/wp\/v2\/pages\/43\/revisions"}],"predecessor-version":[{"id":6930,"href":"https:\/\/www.paradiselivinghomes.com\/es\/wp-json\/wp\/v2\/pages\/43\/revisions\/6930"}],"wp:attachment":[{"href":"https:\/\/www.paradiselivinghomes.com\/es\/wp-json\/wp\/v2\/media?parent=43"}],"curies":[{"name":"wp","href":"https:\/\/api.w.org\/{rel}","templated":true}]}}