{"id":4217,"date":"2025-07-21T20:05:16","date_gmt":"2025-07-21T20:05:16","guid":{"rendered":"https:\/\/energeticthemes.com\/realome\/?page_id=4217"},"modified":"2025-07-21T20:57:24","modified_gmt":"2025-07-21T20:57:24","slug":"privacy-policy-2","status":"publish","type":"page","link":"https:\/\/www.paradiselivinghomes.com\/es\/privacy-policy-2\/","title":{"rendered":"Aviso de Privacidad"},"content":{"rendered":"<p class=\"has-foreground-color has-text-color has-link-color wp-elements-01c62146757b13639bf5b108f44724dc\">De conformidad con lo establecido en la Ley Federal de Protecci\u00f3n de Datos Personales en Posesi\u00f3n de los Particulares, <strong>Paradise Living Quintana Roo &amp; More<\/strong> pone a su disposici\u00f3n el siguiente aviso de\nprivacidad:<\/p>\n\n\n\n<p><strong>Paradise Living Quintana Roo &amp; More<\/strong>con domicilio en 65 avenida entre calle Dr. Adolfo Rosado Salas y calle 3 sur, en Cozumel Quintana Roo, M\u00e9xico, es responsable del uso y protecci\u00f3n de sus datos personales, y al respecto le informa lo siguiente:<\/p>\n\n\n\n<p>Los datos personales que recabamos de usted, los utilizaremos para las siguientes finalidades que son necesarias para el servicio que solicita:<\/p>\n\n\n\n<ul class=\"wp-block-list\">\n<li class=\"has-text-color has-link-color wp-elements-102524b05eecf9cda99364aba0f9887b\" style=\"color:#1d4a96;font-style:normal;font-weight:800\">Contacto y atenci\u00f3n personalizada.<\/li>\n\n\n\n<li class=\"has-text-color has-link-color wp-elements-9b5bf84efe4d4cfc0459af4c405c706c\" style=\"color:#1d4a96;font-style:normal;font-weight:800\">Informaci\u00f3n sobre compra, venta o renta de propiedades.<\/li>\n\n\n\n<li class=\"has-text-color has-link-color wp-elements-5af8900799931bab8ceb52f3bb6ab1ff\" style=\"color:#1d4a96;font-style:normal;font-weight:800\">Elaboraci\u00f3n de contratos y seguimiento a operaciones inmobiliarias.<\/li>\n<\/ul>\n\n\n\n<p>De manera adicional, utilizaremos su informaci\u00f3n personal para enviarle promociones, boletines, informaci\u00f3n de propiedades y eventos relacionados\nal sector inmobiliario.<\/p>\n\n\n\n<p>En caso de que no desee que sus datos personales sean tratados para estos fines adicionales, puede manifestarlo enviando un correo a:<\/p>\n\n\n\n<p class=\"has-text-color has-link-color wp-elements-ba7f3adbc841017007d286ccef755cc7\" style=\"color:#1d4a96\"> <strong><a>info@paradiselivinghomes.com<\/a><\/strong><\/p>\n\n\n\n<p>Usted tiene derecho a conocer qu\u00e9 datos personales tenemos de usted, para qu\u00e9 los utilizamos y las condiciones del uso que les damos (Acceso).\nAsimismo, es su derecho solicitar la correcci\u00f3n de su informaci\u00f3n personal en caso de que est\u00e9 desactualizada, sea inexacta o incompleta\n(Rectificaci\u00f3n); que la eliminemos de nuestro registros o bases de datos cuando considere que la misma no est\u00e1 siendo utilizada adecuadamente\n(Cancelaci\u00f3n); as\u00ed como oponerse al uso de sus datos personales para fines espec\u00edficos (Oposici\u00f3n). Estos derechos se conocen como <strong>derechos ARCO<\/strong>.<\/p>\n\n\n\n<p>Para el ejercicio de cualquiera de los derechos ARCO, deber\u00e1 presentar la solicitud respectiva al correo antes mencionado. Su solicitud deber\u00e1 contener\nal menos: nombre completo, correo electr\u00f3nico, relaci\u00f3n con nuestra empresa y motivo de la solicitud.<\/p>\n\n\n\n<p>Nos reservamos el derecho de hacer modificaciones o actualizaciones al presente aviso de privacidad en cualquier momento, para la atenci\u00f3n de novedades legislativas o jurisprudenciales, pol\u00edticas internas, nuevos requerimientos para la prestaci\u00f3n u ofrecimiento de nuestros servicios.<\/p>\n\n\n\n<p class=\"has-text-color has-link-color wp-elements-ec364821033176ed0f557f2d2da3ff95\" style=\"color:#1d4a96\"><strong><a class=\"\" href=\"http:\/\/www.paradiselivinghomes.com\/es\/\">www.paradiselivinghomes.com<\/a><\/strong><\/p>","protected":false},"excerpt":{"rendered":"<p>In accordance with the provisions of the Federal Law on the Protection of Personal Data Held by Private Parties, Paradise Living Quintana Roo &amp; More provides you with the following privacy notice: Paradise Living Quintana Roo &amp; More, located at 65 Avenida between Dr. Adolfo Rosado Salas Street and 3rd South Street, in Cozumel, Quintana [&hellip;]<\/p>\n","protected":false},"author":2,"featured_media":0,"parent":0,"menu_order":0,"comment_status":"closed","ping_status":"closed","template":"","meta":{"_acf_changed":false,"_monsterinsights_skip_tracking":false,"_monsterinsights_sitenote_active":false,"_monsterinsights_sitenote_note":"","_monsterinsights_sitenote_category":0,"footnotes":""},"class_list":["post-4217","page","type-page","status-publish","hentry"],"acf":[],"aioseo_notices":[],"yoast_head":"<!-- This site is optimized with the Yoast SEO plugin v27.3 - https:\/\/yoast.com\/product\/yoast-seo-wordpress\/ -->\n<title>Privacy Policy - Paradise Living Real Estate<\/title>\n<meta name=\"robots\" content=\"index, follow, max-snippet:-1, max-image-preview:large, max-video-preview:-1\" \/>\n<link rel=\"canonical\" href=\"https:\/\/www.paradiselivinghomes.com\/es\/privacy-policy-2\/\" \/>\n<meta property=\"og:locale\" content=\"es_MX\" \/>\n<meta property=\"og:type\" content=\"article\" \/>\n<meta property=\"og:title\" content=\"Privacy Policy - Paradise Living Real Estate\" \/>\n<meta property=\"og:description\" content=\"In accordance with the provisions of the Federal Law on the Protection of Personal Data Held by Private Parties, Paradise Living Quintana Roo &amp; More provides you with the following privacy notice: Paradise Living Quintana Roo &amp; More, located at 65 Avenida between Dr. Adolfo Rosado Salas Street and 3rd South Street, in Cozumel, Quintana [&hellip;]\" \/>\n<meta property=\"og:url\" content=\"https:\/\/www.paradiselivinghomes.com\/es\/privacy-policy-2\/\" \/>\n<meta property=\"og:site_name\" content=\"Paradise Living Real Estate\" \/>\n<meta property=\"article:modified_time\" content=\"2025-07-21T20:57:24+00:00\" \/>\n<meta name=\"twitter:card\" content=\"summary_large_image\" \/>\n<meta name=\"twitter:label1\" content=\"Tiempo de lectura\" \/>\n\t<meta name=\"twitter:data1\" content=\"2 minutos\" \/>\n<script type=\"application\/ld+json\" class=\"yoast-schema-graph\">{\"@context\":\"https:\\\/\\\/schema.org\",\"@graph\":[{\"@type\":\"WebPage\",\"@id\":\"https:\\\/\\\/www.paradiselivinghomes.com\\\/privacy-policy-2\\\/\",\"url\":\"https:\\\/\\\/www.paradiselivinghomes.com\\\/privacy-policy-2\\\/\",\"name\":\"Privacy Policy - Paradise Living Real Estate\",\"isPartOf\":{\"@id\":\"https:\\\/\\\/www.paradiselivinghomes.com\\\/es\\\/#website\"},\"datePublished\":\"2025-07-21T20:05:16+00:00\",\"dateModified\":\"2025-07-21T20:57:24+00:00\",\"breadcrumb\":{\"@id\":\"https:\\\/\\\/www.paradiselivinghomes.com\\\/privacy-policy-2\\\/#breadcrumb\"},\"inLanguage\":\"es\",\"potentialAction\":[{\"@type\":\"ReadAction\",\"target\":[\"https:\\\/\\\/www.paradiselivinghomes.com\\\/privacy-policy-2\\\/\"]}]},{\"@type\":\"BreadcrumbList\",\"@id\":\"https:\\\/\\\/www.paradiselivinghomes.com\\\/privacy-policy-2\\\/#breadcrumb\",\"itemListElement\":[{\"@type\":\"ListItem\",\"position\":1,\"name\":\"Home\",\"item\":\"https:\\\/\\\/www.paradiselivinghomes.com\\\/\"},{\"@type\":\"ListItem\",\"position\":2,\"name\":\"Privacy Policy\"}]},{\"@type\":\"WebSite\",\"@id\":\"https:\\\/\\\/www.paradiselivinghomes.com\\\/es\\\/#website\",\"url\":\"https:\\\/\\\/www.paradiselivinghomes.com\\\/es\\\/\",\"name\":\"Paradise Living Real Estate\",\"description\":\"\",\"publisher\":{\"@id\":\"https:\\\/\\\/www.paradiselivinghomes.com\\\/es\\\/#organization\"},\"potentialAction\":[{\"@type\":\"SearchAction\",\"target\":{\"@type\":\"EntryPoint\",\"urlTemplate\":\"https:\\\/\\\/www.paradiselivinghomes.com\\\/es\\\/?s={search_term_string}\"},\"query-input\":{\"@type\":\"PropertyValueSpecification\",\"valueRequired\":true,\"valueName\":\"search_term_string\"}}],\"inLanguage\":\"es\"},{\"@type\":\"Organization\",\"@id\":\"https:\\\/\\\/www.paradiselivinghomes.com\\\/es\\\/#organization\",\"name\":\"Paradise Living Real Estate\",\"url\":\"https:\\\/\\\/www.paradiselivinghomes.com\\\/es\\\/\",\"logo\":{\"@type\":\"ImageObject\",\"inLanguage\":\"es\",\"@id\":\"https:\\\/\\\/www.paradiselivinghomes.com\\\/es\\\/#\\\/schema\\\/logo\\\/image\\\/\",\"url\":\"https:\\\/\\\/www.paradiselivinghomes.com\\\/wp-content\\\/uploads\\\/2022\\\/05\\\/Paradise-Living-QrooLogo-09.png\",\"contentUrl\":\"https:\\\/\\\/www.paradiselivinghomes.com\\\/wp-content\\\/uploads\\\/2022\\\/05\\\/Paradise-Living-QrooLogo-09.png\",\"width\":2560,\"height\":642,\"caption\":\"Paradise Living Real Estate\"},\"image\":{\"@id\":\"https:\\\/\\\/www.paradiselivinghomes.com\\\/es\\\/#\\\/schema\\\/logo\\\/image\\\/\"}}]}<\/script>\n<!-- \/ Yoast SEO plugin. -->","yoast_head_json":{"title":"Privacy Policy - Paradise Living Real Estate","robots":{"index":"index","follow":"follow","max-snippet":"max-snippet:-1","max-image-preview":"max-image-preview:large","max-video-preview":"max-video-preview:-1"},"canonical":"https:\/\/www.paradiselivinghomes.com\/es\/privacy-policy-2\/","og_locale":"es_MX","og_type":"article","og_title":"Privacy Policy - Paradise Living Real Estate","og_description":"In accordance with the provisions of the Federal Law on the Protection of Personal Data Held by Private Parties, Paradise Living Quintana Roo &amp; More provides you with the following privacy notice: Paradise Living Quintana Roo &amp; More, located at 65 Avenida between Dr. Adolfo Rosado Salas Street and 3rd South Street, in Cozumel, Quintana [&hellip;]","og_url":"https:\/\/www.paradiselivinghomes.com\/es\/privacy-policy-2\/","og_site_name":"Paradise Living Real Estate","article_modified_time":"2025-07-21T20:57:24+00:00","twitter_card":"summary_large_image","twitter_misc":{"Tiempo de lectura":"2 minutos"},"schema":{"@context":"https:\/\/schema.org","@graph":[{"@type":"WebPage","@id":"https:\/\/www.paradiselivinghomes.com\/privacy-policy-2\/","url":"https:\/\/www.paradiselivinghomes.com\/privacy-policy-2\/","name":"Privacy Policy - Paradise Living Real Estate","isPartOf":{"@id":"https:\/\/www.paradiselivinghomes.com\/es\/#website"},"datePublished":"2025-07-21T20:05:16+00:00","dateModified":"2025-07-21T20:57:24+00:00","breadcrumb":{"@id":"https:\/\/www.paradiselivinghomes.com\/privacy-policy-2\/#breadcrumb"},"inLanguage":"es","potentialAction":[{"@type":"ReadAction","target":["https:\/\/www.paradiselivinghomes.com\/privacy-policy-2\/"]}]},{"@type":"BreadcrumbList","@id":"https:\/\/www.paradiselivinghomes.com\/privacy-policy-2\/#breadcrumb","itemListElement":[{"@type":"ListItem","position":1,"name":"Home","item":"https:\/\/www.paradiselivinghomes.com\/"},{"@type":"ListItem","position":2,"name":"Privacy Policy"}]},{"@type":"WebSite","@id":"https:\/\/www.paradiselivinghomes.com\/es\/#website","url":"https:\/\/www.paradiselivinghomes.com\/es\/","name":"Paradise Living Real Estate","description":"","publisher":{"@id":"https:\/\/www.paradiselivinghomes.com\/es\/#organization"},"potentialAction":[{"@type":"SearchAction","target":{"@type":"EntryPoint","urlTemplate":"https:\/\/www.paradiselivinghomes.com\/es\/?s={search_term_string}"},"query-input":{"@type":"PropertyValueSpecification","valueRequired":true,"valueName":"search_term_string"}}],"inLanguage":"es"},{"@type":"Organization","@id":"https:\/\/www.paradiselivinghomes.com\/es\/#organization","name":"Paradise Living Real Estate","url":"https:\/\/www.paradiselivinghomes.com\/es\/","logo":{"@type":"ImageObject","inLanguage":"es","@id":"https:\/\/www.paradiselivinghomes.com\/es\/#\/schema\/logo\/image\/","url":"https:\/\/www.paradiselivinghomes.com\/wp-content\/uploads\/2022\/05\/Paradise-Living-QrooLogo-09.png","contentUrl":"https:\/\/www.paradiselivinghomes.com\/wp-content\/uploads\/2022\/05\/Paradise-Living-QrooLogo-09.png","width":2560,"height":642,"caption":"Paradise Living Real Estate"},"image":{"@id":"https:\/\/www.paradiselivinghomes.com\/es\/#\/schema\/logo\/image\/"}}]}},"_links":{"self":[{"href":"https:\/\/www.paradiselivinghomes.com\/es\/wp-json\/wp\/v2\/pages\/4217","targetHints":{"allow":["GET"]}}],"collection":[{"href":"https:\/\/www.paradiselivinghomes.com\/es\/wp-json\/wp\/v2\/pages"}],"about":[{"href":"https:\/\/www.paradiselivinghomes.com\/es\/wp-json\/wp\/v2\/types\/page"}],"author":[{"embeddable":true,"href":"https:\/\/www.paradiselivinghomes.com\/es\/wp-json\/wp\/v2\/users\/2"}],"replies":[{"embeddable":true,"href":"https:\/\/www.paradiselivinghomes.com\/es\/wp-json\/wp\/v2\/comments?post=4217"}],"version-history":[{"count":3,"href":"https:\/\/www.paradiselivinghomes.com\/es\/wp-json\/wp\/v2\/pages\/4217\/revisions"}],"predecessor-version":[{"id":7043,"href":"https:\/\/www.paradiselivinghomes.com\/es\/wp-json\/wp\/v2\/pages\/4217\/revisions\/7043"}],"wp:attachment":[{"href":"https:\/\/www.paradiselivinghomes.com\/es\/wp-json\/wp\/v2\/media?parent=4217"}],"curies":[{"name":"wp","href":"https:\/\/api.w.org\/{rel}","templated":true}]}}